{"id":1452,"date":"2025-04-15T20:09:41","date_gmt":"2025-04-15T20:09:41","guid":{"rendered":"https:\/\/www.xn--cabaasentraful-tnb.com.ar\/?post_type=product&#038;p=1452"},"modified":"2025-04-15T20:18:42","modified_gmt":"2025-04-15T20:18:42","slug":"cabanas-eluney","status":"publish","type":"product","link":"https:\/\/www.xn--cabaasentraful-tnb.com.ar\/english\/product\/cabanas-eluney\/","title":{"rendered":"Caba\u00f1as Eluney"},"content":{"rendered":"<p>[et_pb_section fb_built=\u00bb1&#8243; _builder_version=\u00bb4.16&#8243; custom_padding=\u00bb0px||||false|false\u00bb global_colors_info=\u00bb{}\u00bb theme_builder_area=\u00bbpost_content\u00bb][et_pb_row _builder_version=\u00bb4.16&#8243; background_size=\u00bbinitial\u00bb background_position=\u00bbtop_left\u00bb background_repeat=\u00bbrepeat\u00bb width=\u00bb100%\u00bb custom_padding=\u00bb0px||0px||false|false\u00bb global_colors_info=\u00bb{}\u00bb theme_builder_area=\u00bbpost_content\u00bb][et_pb_column type=\u00bb4_4&#8243; _builder_version=\u00bb4.16&#8243; custom_padding=\u00bb|||\u00bb global_colors_info=\u00bb{}\u00bb custom_padding__hover=\u00bb|||\u00bb theme_builder_area=\u00bbpost_content\u00bb][et_pb_wc_breadcrumb _builder_version=\u00bb4.16&#8243; body_font=\u00bbNunito|500|||||||\u00bb body_text_color=\u00bb#4f6bd1&#8243; body_font_size=\u00bb14px\u00bb global_colors_info=\u00bb{}\u00bb theme_builder_area=\u00bbpost_content\u00bb][\/et_pb_wc_breadcrumb][\/et_pb_column][\/et_pb_row][et_pb_row column_structure=\u00bb1_2,1_2&#8243; _builder_version=\u00bb4.16&#8243; background_size=\u00bbinitial\u00bb background_position=\u00bbtop_left\u00bb background_repeat=\u00bbrepeat\u00bb width=\u00bb100%\u00bb custom_padding=\u00bb0px||||false|false\u00bb global_colors_info=\u00bb{}\u00bb theme_builder_area=\u00bbpost_content\u00bb][et_pb_column type=\u00bb1_2&#8243; _builder_version=\u00bb4.16&#8243; custom_padding=\u00bb|||\u00bb global_colors_info=\u00bb{}\u00bb custom_padding__hover=\u00bb|||\u00bb theme_builder_area=\u00bbpost_content\u00bb][et_pb_wc_images _builder_version=\u00bb4.16&#8243; global_colors_info=\u00bb{}\u00bb theme_builder_area=\u00bbpost_content\u00bb][\/et_pb_wc_images][et_pb_button button_url=\u00bbhttps:\/\/www.instagram.com\/eluneyvillatraful\u00bb url_new_window=\u00bbon\u00bb button_text=\u00bbIr a Whatsapp\u00bb _builder_version=\u00bb4.27.4&#8243; _module_preset=\u00bbdefault\u00bb custom_button=\u00bbon\u00bb button_text_size=\u00bb22px\u00bb button_text_color=\u00bb#FFFFFF\u00bb button_bg_color=\u00bb#4bd095&#8243; button_border_color=\u00bb#00d173&#8243; button_border_radius=\u00bb5px\u00bb button_font=\u00bbNunito||||||||\u00bb button_icon=\u00bb&#xf3cd;||fa||900&#8243; custom_margin=\u00bb|||9px||\u00bb hover_enabled=\u00bb0&#8243; button_text_size_tablet=\u00bb22px\u00bb button_text_size_phone=\u00bb16px\u00bb button_text_size_last_edited=\u00bbon|phone\u00bb box_shadow_style=\u00bbpreset1&#8243; locked=\u00bboff\u00bb global_colors_info=\u00bb{}\u00bb button_bg_color__hover_enabled=\u00bbon|desktop\u00bb button_bg_color__hover=\u00bb#76e072&#8243; button_bg_enable_color__hover=\u00bbon\u00bb theme_builder_area=\u00bbpost_content\u00bb sticky_enabled=\u00bb0&#8243;][\/et_pb_button][\/et_pb_column][et_pb_column type=\u00bb1_2&#8243; _builder_version=\u00bb4.16&#8243; custom_padding=\u00bb|||\u00bb global_colors_info=\u00bb{}\u00bb custom_padding__hover=\u00bb|||\u00bb theme_builder_area=\u00bbpost_content\u00bb][et_pb_wc_title _builder_version=\u00bb4.16&#8243; header_font=\u00bbNunito|700|||||||\u00bb custom_margin=\u00bb||2px||false|false\u00bb global_colors_info=\u00bb{}\u00bb theme_builder_area=\u00bbpost_content\u00bb][\/et_pb_wc_title][et_pb_wc_price _builder_version=\u00bb4.16&#8243; global_colors_info=\u00bb{}\u00bb theme_builder_area=\u00bbpost_content\u00bb][\/et_pb_wc_price][et_pb_wc_description _builder_version=\u00bb4.16&#8243; body_font=\u00bbNunito||||||||\u00bb body_font_size=\u00bb15px\u00bb global_colors_info=\u00bb{}\u00bb theme_builder_area=\u00bbpost_content\u00bb][\/et_pb_wc_description][et_pb_wc_add_to_cart _builder_version=\u00bb4.16&#8243; global_colors_info=\u00bb{}\u00bb theme_builder_area=\u00bbpost_content\u00bb][\/et_pb_wc_add_to_cart][et_pb_wc_meta _builder_version=\u00bb4.16&#8243; global_colors_info=\u00bb{}\u00bb theme_builder_area=\u00bbpost_content\u00bb][\/et_pb_wc_meta][et_pb_text _builder_version=\u00bb4.21.0&#8243; _module_preset=\u00bbdefault\u00bb text_font=\u00bb|600|||||||\u00bb text_text_color=\u00bb#598ceb\u00bb custom_margin=\u00bb-20px|||-10px|false|false\u00bb custom_padding=\u00bb9px||17px|14px|false|false\u00bb border_radii=\u00bbon|13px|13px|13px|13px\u00bb border_width_all=\u00bb1px\u00bb border_color_all=\u00bbrgba(89,140,235,0.96)\u00bb border_style_all=\u00bbdotted\u00bb locked=\u00bboff\u00bb inline_fonts=\u00bbRighteous\u00bb global_colors_info=\u00bb{}\u00bb theme_builder_area=\u00bbpost_content\u00bb]<\/p>\n<p><i class=\"fa-regular fa-lightbulb\" style=\"color: #29c4a9;\" aria-hidden=\"true\"><\/i>\u00a0 \u00a0LUZ:\u00a0 <span style=\"color: #333333;\">Si <\/span><br \/><i class=\"fa-solid fa-fire-burner\" style=\"color: #29c4a9;\" aria-hidden=\"true\"><\/i> GAS: <span style=\"color: #333333;\">Si<br \/><\/span> <i class=\"fa-regular fa-snowflake\" style=\"color: #09b3b7;\" aria-hidden=\"true\"><\/i>\u00a0 AIRE ACONDICIONADO: <span style=\"color: #333333;\">Consultar<\/span><br \/><i class=\"fa-solid fa-wifi\" style=\"color: #29c4a9;\" aria-hidden=\"true\"><\/i>\u00a0 WIFI: <span style=\"color: #333333;\">Si<\/span><br \/><i class=\"fa-solid fa-satellite-dish\" style=\"color: #29c4a9;\" aria-hidden=\"true\"><\/i>\u00a0 \u00a0DIRECTV: <span style=\"color: #333333;\">Si<\/span><br \/><i class=\"fa-solid fa-dog\" style=\"color: #29c4a9;\" aria-hidden=\"true\"><\/i>\u00a0 ACEPTA MASCOTAS: <span style=\"color: #333333;\">Consultar<\/span><br \/><i class=\"fa-solid fa-bed\" style=\"color: #29c4a9;\" aria-hidden=\"true\"><\/i>\u00a0 ROPA\u00a0 DE CAMA: <span style=\"color: #333333;\">Si<br \/><\/span> <i class=\"fa-solid fa-water-ladder\" style=\"color: #29c4a9;\" aria-hidden=\"true\"><\/i>\u00a0 PILETA CLIMATIZADA: <span style=\"color: #333333;\">No<\/span><br \/><i class=\"fa-solid fa-mug-saucer\" style=\"color: #09b3b7;\" aria-hidden=\"true\"><\/i> DESAYUNO INCLU\u00cdDO: <span style=\"color: #333333;\">Consultar<\/span><\/p>\n<p>[\/et_pb_text][\/et_pb_column][\/et_pb_row][et_pb_row column_structure=\u00bb1_4,1_4,1_4,1_4&#8243; _builder_version=\u00bb4.21.0&#8243; _module_preset=\u00bbdefault\u00bb custom_margin=\u00bb-16px||15px||false|false\u00bb custom_margin_tablet=\u00bb-16px||15px||false|false\u00bb custom_margin_phone=\u00bb-70px||-8px|0px|false|false\u00bb custom_margin_last_edited=\u00bbon|phone\u00bb custom_padding=\u00bb25px|||0px||\u00bb locked=\u00bboff\u00bb global_colors_info=\u00bb{}\u00bb theme_builder_area=\u00bbpost_content\u00bb][et_pb_column type=\u00bb1_4&#8243; _builder_version=\u00bb4.21.0&#8243; _module_preset=\u00bbdefault\u00bb global_colors_info=\u00bb{}\u00bb theme_builder_area=\u00bbpost_content\u00bb][et_pb_button button_url=\u00bbhttps:\/\/www.instagram.com\/eluneyvillatraful\/\u00bb url_new_window=\u00bbon\u00bb button_text=\u00bbwww\u00bb _builder_version=\u00bb4.27.4&#8243; _module_preset=\u00bbdefault\u00bb custom_button=\u00bbon\u00bb button_text_size=\u00bb18px\u00bb button_text_color=\u00bb#FFFFFF\u00bb button_bg_color=\u00bb#765dde\u00bb button_border_width=\u00bb1px\u00bb button_border_radius=\u00bb74px\u00bb button_font=\u00bbNunito||||||||\u00bb button_icon=\u00bb&#xe0e3;||divi||400&#8243; button_on_hover=\u00bboff\u00bb custom_margin=\u00bb|||-6px||\u00bb hover_enabled=\u00bb0&#8243; global_colors_info=\u00bb{}\u00bb button_bg_color__hover_enabled=\u00bbon|desktop\u00bb button_bg_color__hover=\u00bb#33275e\u00bb button_bg_enable_color__hover=\u00bbon\u00bb theme_builder_area=\u00bbpost_content\u00bb sticky_enabled=\u00bb0&#8243;][\/et_pb_button][\/et_pb_column][et_pb_column type=\u00bb1_4&#8243; _builder_version=\u00bb4.21.0&#8243; _module_preset=\u00bbdefault\u00bb global_colors_info=\u00bb{}\u00bb theme_builder_area=\u00bbpost_content\u00bb][et_pb_button button_url=\u00bb#mapa\u00bb button_text=\u00bbmapa\u00bb _builder_version=\u00bb4.21.0&#8243; _module_preset=\u00bbdefault\u00bb custom_button=\u00bbon\u00bb button_text_size=\u00bb18px\u00bb button_text_color=\u00bb#FFFFFF\u00bb button_bg_color=\u00bb#765dde\u00bb button_border_width=\u00bb1px\u00bb button_border_radius=\u00bb74px\u00bb button_font=\u00bbNunito||||||||\u00bb button_icon=\u00bb&#xe01d;||divi||400&#8243; button_on_hover=\u00bboff\u00bb custom_margin=\u00bb|||-6px||\u00bb global_colors_info=\u00bb{}\u00bb button_bg_color__hover_enabled=\u00bbon|desktop\u00bb button_bg_color__hover=\u00bb#33275e\u00bb button_bg_enable_color__hover=\u00bbon\u00bb theme_builder_area=\u00bbpost_content\u00bb][\/et_pb_button][\/et_pb_column][et_pb_column type=\u00bb1_4&#8243; _builder_version=\u00bb4.21.0&#8243; _module_preset=\u00bbdefault\u00bb global_colors_info=\u00bb{}\u00bb theme_builder_area=\u00bbpost_content\u00bb][et_pb_button button_url=\u00bbhttps:\/\/www.instagram.com\/eluneyvillatraful\/\u00bb url_new_window=\u00bbon\u00bb button_text=\u00bbinstagram\u00bb _builder_version=\u00bb4.27.4&#8243; _module_preset=\u00bbdefault\u00bb custom_button=\u00bbon\u00bb button_text_size=\u00bb18px\u00bb button_text_color=\u00bb#FFFFFF\u00bb button_bg_color=\u00bb#765dde\u00bb button_border_width=\u00bb1px\u00bb button_border_radius=\u00bb74px\u00bb button_font=\u00bbNunito||||||||\u00bb button_icon=\u00bb&#xe09a;||divi||400&#8243; button_on_hover=\u00bboff\u00bb custom_margin=\u00bb|||-6px||\u00bb hover_enabled=\u00bb0&#8243; global_colors_info=\u00bb{}\u00bb button_bg_color__hover_enabled=\u00bbon|desktop\u00bb button_bg_color__hover=\u00bb#33275e\u00bb button_bg_enable_color__hover=\u00bbon\u00bb theme_builder_area=\u00bbpost_content\u00bb sticky_enabled=\u00bb0&#8243;][\/et_pb_button][\/et_pb_column][et_pb_column type=\u00bb1_4&#8243; _builder_version=\u00bb4.21.0&#8243; _module_preset=\u00bbdefault\u00bb global_colors_info=\u00bb{}\u00bb theme_builder_area=\u00bbpost_content\u00bb][et_pb_button button_url=\u00bb#\u00bb url_new_window=\u00bbon\u00bb button_text=\u00bbtel\u00e9fono\u00bb _builder_version=\u00bb4.27.4&#8243; _module_preset=\u00bbdefault\u00bb custom_button=\u00bbon\u00bb button_text_size=\u00bb18px\u00bb button_text_color=\u00bb#FFFFFF\u00bb button_bg_color=\u00bb#765dde\u00bb button_border_width=\u00bb1px\u00bb button_border_radius=\u00bb74px\u00bb button_font=\u00bbNunito||||||||\u00bb button_icon=\u00bb&#xf879;||fa||900&#8243; button_on_hover=\u00bboff\u00bb custom_margin=\u00bb|||-6px||\u00bb hover_enabled=\u00bb0&#8243; global_colors_info=\u00bb{}\u00bb button_bg_color__hover_enabled=\u00bbon|desktop\u00bb button_bg_color__hover=\u00bb#33275e\u00bb button_bg_enable_color__hover=\u00bbon\u00bb theme_builder_area=\u00bbpost_content\u00bb sticky_enabled=\u00bb0&#8243;][\/et_pb_button][\/et_pb_column][\/et_pb_row][et_pb_row use_custom_gutter=\u00bbon\u00bb gutter_width=\u00bb1&#8243; _builder_version=\u00bb4.21.0&#8243; _module_preset=\u00bbdefault\u00bb custom_margin=\u00bb|||19px|false|false\u00bb custom_padding=\u00bb4px|||||\u00bb locked=\u00bboff\u00bb global_colors_info=\u00bb{}\u00bb transform_translate__hover_enabled=\u00bbon|desktop\u00bb transform_rotate__hover_enabled=\u00bbon|desktop\u00bb transform_skew__hover_enabled=\u00bbon|desktop\u00bb transform_origin__hover_enabled=\u00bbon|desktop\u00bb theme_builder_area=\u00bbpost_content\u00bb][et_pb_column type=\u00bb4_4&#8243; _builder_version=\u00bb4.21.0&#8243; _module_preset=\u00bbdefault\u00bb global_colors_info=\u00bb{}\u00bb theme_builder_area=\u00bbpost_content\u00bb][et_pb_gallery gallery_ids=\u00bb1455,1456,1457,1458&#8243; orientation=\u00bbportrait\u00bb show_title_and_caption=\u00bboff\u00bb show_pagination=\u00bboff\u00bb zoom_icon_color=\u00bb#4bd095&#8243; hover_overlay_color=\u00bbrgba(135,209,176,0.25)\u00bb hover_icon=\u00bb&#x54;||divi||400&#8243; _builder_version=\u00bb4.27.4&#8243; _module_preset=\u00bbdefault\u00bb width=\u00bb116%\u00bb module_alignment=\u00bbcenter\u00bb hover_enabled=\u00bb0&#8243; border_radii=\u00bbon|12px|12px|12px|12px\u00bb border_radii_image=\u00bbon|4px|4px|4px|4px\u00bb border_width_all_image=\u00bb3px\u00bb border_color_all_image=\u00bb#FFFFFF\u00bb global_colors_info=\u00bb{}\u00bb transform_styles__hover_enabled=\u00bbon|hover\u00bb transform_scale__hover_enabled=\u00bbon|hover\u00bb transform_translate__hover_enabled=\u00bbon|desktop\u00bb transform_rotate__hover_enabled=\u00bbon|desktop\u00bb transform_skew__hover_enabled=\u00bbon|desktop\u00bb transform_origin__hover_enabled=\u00bbon|desktop\u00bb theme_builder_area=\u00bbpost_content\u00bb sticky_enabled=\u00bb0&#8243;][\/et_pb_gallery][\/et_pb_column][\/et_pb_row][et_pb_row _builder_version=\u00bb4.16&#8243; background_size=\u00bbinitial\u00bb background_position=\u00bbtop_left\u00bb background_repeat=\u00bbrepeat\u00bb width=\u00bb100%\u00bb global_colors_info=\u00bb{}\u00bb theme_builder_area=\u00bbpost_content\u00bb][et_pb_column type=\u00bb4_4&#8243; _builder_version=\u00bb4.16&#8243; custom_padding=\u00bb|||\u00bb global_colors_info=\u00bb{}\u00bb custom_padding__hover=\u00bb|||\u00bb theme_builder_area=\u00bbpost_content\u00bb][et_pb_wc_tabs include_tabs=\u00bbdescription|\u00bb _builder_version=\u00bb4.27.4&#8243; global_colors_info=\u00bb{}\u00bb theme_builder_area=\u00bbpost_content\u00bb]\t\t\t\t\t[\/et_pb_wc_tabs][et_pb_wc_upsells _builder_version=\u00bb4.16&#8243; global_colors_info=\u00bb{}\u00bb theme_builder_area=\u00bbpost_content\u00bb][\/et_pb_wc_upsells][et_pb_text _builder_version=\u00bb4.21.0&#8243; _module_preset=\u00bbdefault\u00bb text_font=\u00bbNunito|600|||||||\u00bb text_font_size=\u00bb23px\u00bb custom_margin=\u00bb||0px||false|false\u00bb custom_padding=\u00bb19px||||false|false\u00bb locked=\u00bboff\u00bb global_colors_info=\u00bb{}\u00bb theme_builder_area=\u00bbpost_content\u00bb]<\/p>\n<p>Otros alojamientos relacionados:<\/p>\n<p>[\/et_pb_text][et_pb_wc_related_products include_categories=\u00bbcurrent,23,18&#8243; show_price=\u00bboff\u00bb show_sale_badge=\u00bboff\u00bb _builder_version=\u00bb4.27.4&#8243; title_font=\u00bbNunito||||||||\u00bb title_font_size=\u00bb0px\u00bb product_title_font=\u00bbNunito||||||||\u00bb product_title_font_size=\u00bb22px\u00bb locked=\u00bboff\u00bb global_colors_info=\u00bb{}\u00bb theme_builder_area=\u00bbpost_content\u00bb][\/et_pb_wc_related_products][\/et_pb_column][\/et_pb_row][\/et_pb_section]<\/p>\n","protected":false},"excerpt":{"rendered":"<p>Caba\u00f1as frente al lago Traful, rodeadas de bosque y tranquilidad.<br \/>\nConfort, naturaleza y el descanso ideal. Ubicaci\u00f3n exclusiva.<\/p>","protected":false},"featured_media":1453,"comment_status":"open","ping_status":"closed","template":"","meta":{"_acf_changed":false,"_et_pb_use_builder":"on","_et_pb_old_content":"Ubicadas a orillas del lago Traful, en un entorno natural \u00fanico, Caba\u00f1as Eluney ofrece un espacio de tranquilidad y confort para disfrutar en familia, en pareja o con amigos. \r\nCaba\u00f1as amplias, equipadas y rodeadas de bosque nativo, ideales para conectar con la naturaleza y descansar como nunca.","_et_gb_content_width":""},"product_brand":[],"product_cat":[16,23],"product_tag":[],"class_list":{"0":"post-1452","1":"product","2":"type-product","3":"status-publish","4":"has-post-thumbnail","6":"product_cat-cabanas","7":"product_cat-complejos","9":"first","10":"instock","11":"shipping-taxable","12":"product-type-simple"},"acf":[],"yoast_head":"<!-- This site is optimized with the Yoast SEO plugin v24.7 - https:\/\/yoast.com\/wordpress\/plugins\/seo\/ -->\n<title>Caba\u00f1as Eluney - Caba\u00f1as en Alquiler Villa Traful<\/title>\n<meta name=\"description\" content=\"Caba\u00f1as en Villa Traful con costa de lago, rodeadas de bosque y tranquilidad. Confort, naturaleza y descanso en el coraz\u00f3n de la Patagonia.\" \/>\n<meta name=\"robots\" content=\"index, follow, max-snippet:-1, max-image-preview:large, max-video-preview:-1\" \/>\n<link rel=\"canonical\" href=\"https:\/\/www.xn--cabaasentraful-tnb.com.ar\/english\/product\/cabanas-eluney\/\" \/>\n<meta property=\"og:locale\" content=\"en_GB\" \/>\n<meta property=\"og:type\" content=\"article\" \/>\n<meta property=\"og:title\" content=\"Caba\u00f1as Eluney - Caba\u00f1as en Alquiler Villa Traful\" \/>\n<meta property=\"og:description\" content=\"Caba\u00f1as en Villa Traful con costa de lago, rodeadas de bosque y tranquilidad. Confort, naturaleza y descanso en el coraz\u00f3n de la Patagonia.\" \/>\n<meta property=\"og:url\" content=\"https:\/\/www.xn--cabaasentraful-tnb.com.ar\/english\/wp-json\/wp\/v2\/product\/1452\" \/>\n<meta property=\"og:site_name\" content=\"Caba\u00f1as en Alquiler Villa Traful\" \/>\n<meta property=\"article:modified_time\" content=\"2025-04-15T20:18:42+00:00\" \/>\n<meta property=\"og:image\" content=\"https:\/\/www.xn--cabaasentraful-tnb.com.ar\/wp-content\/uploads\/2025\/04\/Eluney.jpg\" \/>\n\t<meta property=\"og:image:width\" content=\"1080\" \/>\n\t<meta property=\"og:image:height\" content=\"1337\" \/>\n\t<meta property=\"og:image:type\" content=\"image\/jpeg\" \/>\n<meta name=\"twitter:card\" content=\"summary_large_image\" \/>\n<meta name=\"twitter:label1\" content=\"Estimated reading time\" \/>\n\t<meta name=\"twitter:data1\" content=\"2 minutes\" \/>\n<script type=\"application\/ld+json\" class=\"yoast-schema-graph\">{\"@context\":\"https:\/\/schema.org\",\"@graph\":[{\"@type\":\"WebPage\",\"@id\":\"https:\/\/www.xn--cabaasentraful-tnb.com.ar\/producto\/cabanas-eluney\/\",\"url\":\"https:\/\/www.xn--cabaasentraful-tnb.com.ar\/producto\/cabanas-eluney\/\",\"name\":\"Caba\u00f1as Eluney - Caba\u00f1as en Alquiler Villa Traful\",\"isPartOf\":{\"@id\":\"https:\/\/www.xn--cabaasentraful-tnb.com.ar\/#website\"},\"primaryImageOfPage\":{\"@id\":\"https:\/\/www.xn--cabaasentraful-tnb.com.ar\/producto\/cabanas-eluney\/#primaryimage\"},\"image\":{\"@id\":\"https:\/\/www.xn--cabaasentraful-tnb.com.ar\/producto\/cabanas-eluney\/#primaryimage\"},\"thumbnailUrl\":\"https:\/\/www.xn--cabaasentraful-tnb.com.ar\/wp-content\/uploads\/2025\/04\/Eluney.jpg\",\"datePublished\":\"2025-04-15T20:09:41+00:00\",\"dateModified\":\"2025-04-15T20:18:42+00:00\",\"description\":\"Caba\u00f1as en Villa Traful con costa de lago, rodeadas de bosque y tranquilidad. Confort, naturaleza y descanso en el coraz\u00f3n de la Patagonia.\",\"breadcrumb\":{\"@id\":\"https:\/\/www.xn--cabaasentraful-tnb.com.ar\/producto\/cabanas-eluney\/#breadcrumb\"},\"inLanguage\":\"en-GB\",\"potentialAction\":[{\"@type\":\"ReadAction\",\"target\":[\"https:\/\/www.xn--cabaasentraful-tnb.com.ar\/producto\/cabanas-eluney\/\"]}]},{\"@type\":\"ImageObject\",\"inLanguage\":\"en-GB\",\"@id\":\"https:\/\/www.xn--cabaasentraful-tnb.com.ar\/producto\/cabanas-eluney\/#primaryimage\",\"url\":\"https:\/\/www.xn--cabaasentraful-tnb.com.ar\/wp-content\/uploads\/2025\/04\/Eluney.jpg\",\"contentUrl\":\"https:\/\/www.xn--cabaasentraful-tnb.com.ar\/wp-content\/uploads\/2025\/04\/Eluney.jpg\",\"width\":1080,\"height\":1337},{\"@type\":\"BreadcrumbList\",\"@id\":\"https:\/\/www.xn--cabaasentraful-tnb.com.ar\/producto\/cabanas-eluney\/#breadcrumb\",\"itemListElement\":[{\"@type\":\"ListItem\",\"position\":1,\"name\":\"Portada\",\"item\":\"https:\/\/www.xn--cabaasentraful-tnb.com.ar\/\"},{\"@type\":\"ListItem\",\"position\":2,\"name\":\"Productos\",\"item\":\"https:\/\/www.xn--cabaasentraful-tnb.com.ar\/shop\/\"},{\"@type\":\"ListItem\",\"position\":3,\"name\":\"Caba\u00f1as Eluney\"}]},{\"@type\":\"WebSite\",\"@id\":\"https:\/\/www.xn--cabaasentraful-tnb.com.ar\/#website\",\"url\":\"https:\/\/www.xn--cabaasentraful-tnb.com.ar\/\",\"name\":\"Caba\u00f1as en Alquiler Villa Traful\",\"description\":\"\u00a1Bienvenido al sitio web de Villa Traful!\",\"potentialAction\":[{\"@type\":\"SearchAction\",\"target\":{\"@type\":\"EntryPoint\",\"urlTemplate\":\"https:\/\/www.xn--cabaasentraful-tnb.com.ar\/?s={search_term_string}\"},\"query-input\":{\"@type\":\"PropertyValueSpecification\",\"valueRequired\":true,\"valueName\":\"search_term_string\"}}],\"inLanguage\":\"en-GB\"}]}<\/script>\n<!-- \/ Yoast SEO plugin. -->","yoast_head_json":{"title":"Caba\u00f1as Eluney - Caba\u00f1as en Alquiler Villa Traful","description":"Caba\u00f1as en Villa Traful con costa de lago, rodeadas de bosque y tranquilidad. Confort, naturaleza y descanso en el coraz\u00f3n de la Patagonia.","robots":{"index":"index","follow":"follow","max-snippet":"max-snippet:-1","max-image-preview":"max-image-preview:large","max-video-preview":"max-video-preview:-1"},"canonical":"https:\/\/www.xn--cabaasentraful-tnb.com.ar\/english\/product\/cabanas-eluney\/","og_locale":"en_GB","og_type":"article","og_title":"Caba\u00f1as Eluney - Caba\u00f1as en Alquiler Villa Traful","og_description":"Caba\u00f1as en Villa Traful con costa de lago, rodeadas de bosque y tranquilidad. Confort, naturaleza y descanso en el coraz\u00f3n de la Patagonia.","og_url":"https:\/\/www.xn--cabaasentraful-tnb.com.ar\/english\/wp-json\/wp\/v2\/product\/1452","og_site_name":"Caba\u00f1as en Alquiler Villa Traful","article_modified_time":"2025-04-15T20:18:42+00:00","og_image":[{"width":1080,"height":1337,"url":"https:\/\/www.xn--cabaasentraful-tnb.com.ar\/wp-content\/uploads\/2025\/04\/Eluney.jpg","type":"image\/jpeg"}],"twitter_card":"summary_large_image","twitter_misc":{"Estimated reading time":"2 minutes"},"schema":{"@context":"https:\/\/schema.org","@graph":[{"@type":"WebPage","@id":"https:\/\/www.xn--cabaasentraful-tnb.com.ar\/producto\/cabanas-eluney\/","url":"https:\/\/www.xn--cabaasentraful-tnb.com.ar\/producto\/cabanas-eluney\/","name":"Caba\u00f1as Eluney - Caba\u00f1as en Alquiler Villa Traful","isPartOf":{"@id":"https:\/\/www.xn--cabaasentraful-tnb.com.ar\/#website"},"primaryImageOfPage":{"@id":"https:\/\/www.xn--cabaasentraful-tnb.com.ar\/producto\/cabanas-eluney\/#primaryimage"},"image":{"@id":"https:\/\/www.xn--cabaasentraful-tnb.com.ar\/producto\/cabanas-eluney\/#primaryimage"},"thumbnailUrl":"https:\/\/www.xn--cabaasentraful-tnb.com.ar\/wp-content\/uploads\/2025\/04\/Eluney.jpg","datePublished":"2025-04-15T20:09:41+00:00","dateModified":"2025-04-15T20:18:42+00:00","description":"Caba\u00f1as en Villa Traful con costa de lago, rodeadas de bosque y tranquilidad. Confort, naturaleza y descanso en el coraz\u00f3n de la Patagonia.","breadcrumb":{"@id":"https:\/\/www.xn--cabaasentraful-tnb.com.ar\/producto\/cabanas-eluney\/#breadcrumb"},"inLanguage":"en-GB","potentialAction":[{"@type":"ReadAction","target":["https:\/\/www.xn--cabaasentraful-tnb.com.ar\/producto\/cabanas-eluney\/"]}]},{"@type":"ImageObject","inLanguage":"en-GB","@id":"https:\/\/www.xn--cabaasentraful-tnb.com.ar\/producto\/cabanas-eluney\/#primaryimage","url":"https:\/\/www.xn--cabaasentraful-tnb.com.ar\/wp-content\/uploads\/2025\/04\/Eluney.jpg","contentUrl":"https:\/\/www.xn--cabaasentraful-tnb.com.ar\/wp-content\/uploads\/2025\/04\/Eluney.jpg","width":1080,"height":1337},{"@type":"BreadcrumbList","@id":"https:\/\/www.xn--cabaasentraful-tnb.com.ar\/producto\/cabanas-eluney\/#breadcrumb","itemListElement":[{"@type":"ListItem","position":1,"name":"Portada","item":"https:\/\/www.xn--cabaasentraful-tnb.com.ar\/"},{"@type":"ListItem","position":2,"name":"Productos","item":"https:\/\/www.xn--cabaasentraful-tnb.com.ar\/shop\/"},{"@type":"ListItem","position":3,"name":"Caba\u00f1as Eluney"}]},{"@type":"WebSite","@id":"https:\/\/www.xn--cabaasentraful-tnb.com.ar\/#website","url":"https:\/\/www.xn--cabaasentraful-tnb.com.ar\/","name":"Caba\u00f1as en Alquiler Villa Traful","description":"\u00a1Bienvenido al sitio web de Villa Traful!","potentialAction":[{"@type":"SearchAction","target":{"@type":"EntryPoint","urlTemplate":"https:\/\/www.xn--cabaasentraful-tnb.com.ar\/?s={search_term_string}"},"query-input":{"@type":"PropertyValueSpecification","valueRequired":true,"valueName":"search_term_string"}}],"inLanguage":"en-GB"}]}},"_links":{"self":[{"href":"https:\/\/www.xn--cabaasentraful-tnb.com.ar\/english\/wp-json\/wp\/v2\/product\/1452"}],"collection":[{"href":"https:\/\/www.xn--cabaasentraful-tnb.com.ar\/english\/wp-json\/wp\/v2\/product"}],"about":[{"href":"https:\/\/www.xn--cabaasentraful-tnb.com.ar\/english\/wp-json\/wp\/v2\/types\/product"}],"replies":[{"embeddable":true,"href":"https:\/\/www.xn--cabaasentraful-tnb.com.ar\/english\/wp-json\/wp\/v2\/comments?post=1452"}],"wp:featuredmedia":[{"embeddable":true,"href":"https:\/\/www.xn--cabaasentraful-tnb.com.ar\/english\/wp-json\/wp\/v2\/media\/1453"}],"wp:attachment":[{"href":"https:\/\/www.xn--cabaasentraful-tnb.com.ar\/english\/wp-json\/wp\/v2\/media?parent=1452"}],"wp:term":[{"taxonomy":"product_brand","embeddable":true,"href":"https:\/\/www.xn--cabaasentraful-tnb.com.ar\/english\/wp-json\/wp\/v2\/product_brand?post=1452"},{"taxonomy":"product_cat","embeddable":true,"href":"https:\/\/www.xn--cabaasentraful-tnb.com.ar\/english\/wp-json\/wp\/v2\/product_cat?post=1452"},{"taxonomy":"product_tag","embeddable":true,"href":"https:\/\/www.xn--cabaasentraful-tnb.com.ar\/english\/wp-json\/wp\/v2\/product_tag?post=1452"}],"curies":[{"name":"wp","href":"https:\/\/api.w.org\/{rel}","templated":true}]}}