{"id":221,"date":"2023-06-22T07:49:32","date_gmt":"2023-06-22T07:49:32","guid":{"rendered":"https:\/\/www.xn--cabaasentraful-tnb.com.ar\/?post_type=product&#038;p=221"},"modified":"2023-07-25T23:12:45","modified_gmt":"2023-07-25T23:12:45","slug":"hosteria-villa-traful","status":"publish","type":"product","link":"https:\/\/www.xn--cabaasentraful-tnb.com.ar\/english\/product\/hosteria-villa-traful\/","title":{"rendered":"Villa Traful Lodge"},"content":{"rendered":"<p>[et_pb_section fb_built=\u00bb1&#8243; _builder_version=\u00bb4.21.0&#8243; custom_padding=\u00bb0px||0px||false|false\u00bb global_colors_info=\u00bb{}\u00bb][et_pb_row _builder_version=\u00bb4.21.0&#8243; background_size=\u00bbinitial\u00bb background_position=\u00bbtop_left\u00bb background_repeat=\u00bbrepeat\u00bb width=\u00bb100%\u00bb custom_padding=\u00bb0px||0px||false|false\u00bb global_colors_info=\u00bb{}\u00bb][et_pb_column type=\u00bb4_4&#8243; _builder_version=\u00bb4.16&#8243; custom_padding=\u00bb|||\u00bb global_colors_info=\u00bb{}\u00bb custom_padding__hover=\u00bb|||\u00bb][et_pb_text _builder_version=\u00bb4.21.0&#8243; _module_preset=\u00bbdefault\u00bb custom_margin=\u00bb||7px||false|false\u00bb global_colors_info=\u00bb{}\u00bb]<\/p>\n<p><a href=\"https:\/\/wwwcaba\u00f1asentraful.com.ar\/\">Inicio<\/a> \/ <a href=\"https:\/\/www.xn--cabaasentraful-tnb.com.ar\/hosterias\/\">Hoster\u00edas<\/a> \/ Hoster\u00eda Villa Traful<\/p>\n<p>[\/et_pb_text][\/et_pb_column][\/et_pb_row][et_pb_row column_structure=\u00bb1_2,1_2&#8243; _builder_version=\u00bb4.16&#8243; background_size=\u00bbinitial\u00bb background_position=\u00bbtop_left\u00bb background_repeat=\u00bbrepeat\u00bb width=\u00bb100%\u00bb custom_margin=\u00bb|auto|5px|auto||\u00bb custom_padding=\u00bb0px||||false|false\u00bb global_colors_info=\u00bb{}\u00bb][et_pb_column type=\u00bb1_2&#8243; _builder_version=\u00bb4.16&#8243; custom_padding=\u00bb|||\u00bb global_colors_info=\u00bb{}\u00bb custom_padding__hover=\u00bb|||\u00bb][et_pb_wc_images sale_badge_color=\u00bb#4bd095&#8243; _builder_version=\u00bb4.21.0&#8243; sale_badge_font=\u00bb|600||on|||||\u00bb border_radii=\u00bbon|5px|5px|5px|5px\u00bb global_colors_info=\u00bb{}\u00bb][\/et_pb_wc_images][et_pb_button button_url=\u00bbhttps:\/\/wa.me\/2944479005&#8243; url_new_window=\u00bbon\u00bb button_text=\u00bbIr a Whatsapp\u00bb _builder_version=\u00bb4.21.0&#8243; _module_preset=\u00bbdefault\u00bb custom_button=\u00bbon\u00bb button_text_size=\u00bb22px\u00bb button_text_color=\u00bb#FFFFFF\u00bb button_bg_color=\u00bb#4bd095&#8243; button_border_color=\u00bb#00d173&#8243; button_border_radius=\u00bb5px\u00bb button_font=\u00bbNunito||||||||\u00bb button_icon=\u00bb&#xf3cd;||fa||900&#8243; custom_margin=\u00bb|||9px||\u00bb button_text_size_tablet=\u00bb22px\u00bb button_text_size_phone=\u00bb16px\u00bb button_text_size_last_edited=\u00bbon|phone\u00bb box_shadow_style=\u00bbpreset1&#8243; global_colors_info=\u00bb{}\u00bb button_bg_color__hover_enabled=\u00bbon|desktop\u00bb button_bg_color__hover=\u00bb#76e072&#8243; button_bg_enable_color__hover=\u00bbon\u00bb][\/et_pb_button][\/et_pb_column][et_pb_column type=\u00bb1_2&#8243; _builder_version=\u00bb4.16&#8243; custom_padding=\u00bb|||\u00bb global_colors_info=\u00bb{}\u00bb custom_padding__hover=\u00bb|||\u00bb][et_pb_wc_title _builder_version=\u00bb4.21.0&#8243; header_font=\u00bbNunito|700|||||||\u00bb custom_margin=\u00bb||4px||false|false\u00bb global_colors_info=\u00bb{}\u00bb][\/et_pb_wc_title][et_pb_wc_rating _builder_version=\u00bb4.21.0&#8243; custom_margin=\u00bb0em|0em|0em|0em|false|false\u00bb global_colors_info=\u00bb{}\u00bb][\/et_pb_wc_rating][et_pb_text _builder_version=\u00bb4.21.0&#8243; _module_preset=\u00bbdefault\u00bb global_colors_info=\u00bb{}\u00bb]<\/p>\n<p>Consultar Valor<\/p>\n<p>[\/et_pb_text][et_pb_wc_description _builder_version=\u00bb4.16&#8243; custom_margin=\u00bb-23px|||||\u00bb global_colors_info=\u00bb{}\u00bb][\/et_pb_wc_description][et_pb_text _builder_version=\u00bb4.21.0&#8243; _module_preset=\u00bbdefault\u00bb custom_margin=\u00bb-2px|||||\u00bb global_colors_info=\u00bb{}\u00bb]<\/p>\n<p>Categor\u00eda : <a href=\"https:\/\/www.xn--cabaasentraful-tnb.com.ar\/hosterias\/\">Hoster\u00edas<\/a><\/p>\n<p>[\/et_pb_text][et_pb_text _builder_version=\u00bb4.21.0&#8243; _module_preset=\u00bbdefault\u00bb global_colors_info=\u00bb{}\u00bb]<\/p>\n<p><strong>SERVICIOS:\u00a0<\/strong><\/p>\n<p>[\/et_pb_text][et_pb_text _builder_version=\u00bb4.21.0&#8243; _module_preset=\u00bbdefault\u00bb text_font=\u00bb|600|||||||\u00bb text_text_color=\u00bb#598ceb\u00bb custom_margin=\u00bb-20px|||-10px|false|false\u00bb custom_padding=\u00bb9px||17px|14px|false|false\u00bb border_radii=\u00bbon|13px|13px|13px|13px\u00bb border_width_all=\u00bb1px\u00bb border_color_all=\u00bbrgba(89,140,235,0.96)\u00bb border_style_all=\u00bbdotted\u00bb inline_fonts=\u00bbRighteous\u00bb global_colors_info=\u00bb{}\u00bb theme_builder_area=\u00bbpost_content\u00bb]<\/p>\n<p><i class=\"fa-regular fa-lightbulb\" style=\"color: #29c4a9;\"><\/i>\u00a0 \u00a0LUZ:\u00a0 <span style=\"color: #333333;\">Si <\/span><br \/><i class=\"fa-solid fa-fire-burner\" style=\"color: #29c4a9;\"><\/i> GAS: <span style=\"color: #333333;\">Si<br \/><\/span> <i class=\"fa-regular fa-snowflake\" style=\"color: #09b3b7;\"><\/i>\u00a0 AIRE ACONDICIONADO: <span style=\"color: #333333;\">No<\/span><br \/><i class=\"fa-solid fa-wifi\" style=\"color: #29c4a9;\"><\/i>\u00a0 WIFI: <span style=\"color: #333333;\">Si<\/span><br \/><i class=\"fa-solid fa-satellite-dish\" style=\"color: #29c4a9;\"><\/i>\u00a0 \u00a0DIRECTV: <span style=\"color: #333333;\">Si<\/span><br \/><i class=\"fa-solid fa-dog\" style=\"color: #29c4a9;\"><\/i>\u00a0 ACEPTA MASCOTAS: <span style=\"color: #333333;\">Consultar<\/span><br \/><i class=\"fa-solid fa-bed\" style=\"color: #29c4a9;\"><\/i>\u00a0 ROPA\u00a0 DE CAMA: <span style=\"color: #333333;\">Si<br \/><\/span> <i class=\"fa-solid fa-water-ladder\" style=\"color: #29c4a9;\"><\/i>\u00a0 PILETA CLIMATIZADA: <span style=\"color: #333333;\">No<\/span><br \/><i class=\"fa-solid fa-mug-saucer\" style=\"color: #09b3b7;\"><\/i> DESAYUNO INCLU\u00cdDO: <span style=\"color: #000000;\">Consultar<\/span><\/p>\n<p>[\/et_pb_text][\/et_pb_column][\/et_pb_row][et_pb_row column_structure=\u00bb1_4,1_4,1_4,1_4&#8243; _builder_version=\u00bb4.21.0&#8243; _module_preset=\u00bbdefault\u00bb custom_margin=\u00bb-16px||15px||false|false\u00bb custom_margin_tablet=\u00bb-16px||15px||false|false\u00bb custom_margin_phone=\u00bb-70px||-8px|0px|false|false\u00bb custom_margin_last_edited=\u00bbon|phone\u00bb custom_padding=\u00bb25px|||0px||\u00bb global_colors_info=\u00bb{}\u00bb][et_pb_column type=\u00bb1_4&#8243; _builder_version=\u00bb4.21.0&#8243; _module_preset=\u00bbdefault\u00bb global_colors_info=\u00bb{}\u00bb][et_pb_button url_new_window=\u00bbon\u00bb button_text=\u00bbwww\u00bb _builder_version=\u00bb4.21.0&#8243; _module_preset=\u00bbdefault\u00bb custom_button=\u00bbon\u00bb button_text_size=\u00bb18px\u00bb button_text_color=\u00bb#FFFFFF\u00bb button_bg_color=\u00bb#765dde\u00bb button_border_width=\u00bb1px\u00bb button_border_radius=\u00bb74px\u00bb button_font=\u00bbNunito||||||||\u00bb button_icon=\u00bb&#xe0e3;||divi||400&#8243; button_on_hover=\u00bboff\u00bb custom_margin=\u00bb|||-6px||\u00bb global_colors_info=\u00bb{}\u00bb button_bg_color__hover_enabled=\u00bbon|desktop\u00bb button_bg_color__hover=\u00bb#33275e\u00bb button_bg_enable_color__hover=\u00bbon\u00bb][\/et_pb_button][\/et_pb_column][et_pb_column type=\u00bb1_4&#8243; _builder_version=\u00bb4.21.0&#8243; _module_preset=\u00bbdefault\u00bb global_colors_info=\u00bb{}\u00bb][et_pb_button button_url=\u00bb#mapa\u00bb button_text=\u00bbmapa\u00bb _builder_version=\u00bb4.21.0&#8243; _module_preset=\u00bbdefault\u00bb custom_button=\u00bbon\u00bb button_text_size=\u00bb18px\u00bb button_text_color=\u00bb#FFFFFF\u00bb button_bg_color=\u00bb#765dde\u00bb button_border_width=\u00bb1px\u00bb button_border_radius=\u00bb74px\u00bb button_font=\u00bbNunito||||||||\u00bb button_icon=\u00bb&#xe01d;||divi||400&#8243; button_on_hover=\u00bboff\u00bb custom_margin=\u00bb|||-6px||\u00bb global_colors_info=\u00bb{}\u00bb button_bg_color__hover_enabled=\u00bbon|desktop\u00bb button_bg_color__hover=\u00bb#33275e\u00bb button_bg_enable_color__hover=\u00bbon\u00bb][\/et_pb_button][\/et_pb_column][et_pb_column type=\u00bb1_4&#8243; _builder_version=\u00bb4.21.0&#8243; _module_preset=\u00bbdefault\u00bb global_colors_info=\u00bb{}\u00bb][et_pb_button button_url=\u00bbhttps:\/\/www.instagram.com\/hosteriavillatraful\u00bb url_new_window=\u00bbon\u00bb button_text=\u00bbinstagram\u00bb _builder_version=\u00bb4.21.0&#8243; _module_preset=\u00bbdefault\u00bb custom_button=\u00bbon\u00bb button_text_size=\u00bb18px\u00bb button_text_color=\u00bb#FFFFFF\u00bb button_bg_color=\u00bb#765dde\u00bb button_border_width=\u00bb1px\u00bb button_border_radius=\u00bb74px\u00bb button_font=\u00bbNunito||||||||\u00bb button_icon=\u00bb&#xe09a;||divi||400&#8243; button_on_hover=\u00bboff\u00bb custom_margin=\u00bb|||-6px||\u00bb global_colors_info=\u00bb{}\u00bb button_bg_color__hover_enabled=\u00bbon|desktop\u00bb button_bg_color__hover=\u00bb#33275e\u00bb button_bg_enable_color__hover=\u00bbon\u00bb][\/et_pb_button][\/et_pb_column][et_pb_column type=\u00bb1_4&#8243; _builder_version=\u00bb4.21.0&#8243; _module_preset=\u00bbdefault\u00bb global_colors_info=\u00bb{}\u00bb][et_pb_button button_url=\u00bbhttps:\/\/wa.me\/2944479005&#8243; url_new_window=\u00bbon\u00bb button_text=\u00bbtel\u00e9fono\u00bb _builder_version=\u00bb4.21.0&#8243; _module_preset=\u00bbdefault\u00bb custom_button=\u00bbon\u00bb button_text_size=\u00bb18px\u00bb button_text_color=\u00bb#FFFFFF\u00bb button_bg_color=\u00bb#765dde\u00bb button_border_width=\u00bb1px\u00bb button_border_radius=\u00bb74px\u00bb button_font=\u00bbNunito||||||||\u00bb button_icon=\u00bb&#xf879;||fa||900&#8243; button_on_hover=\u00bboff\u00bb custom_margin=\u00bb|||-6px||\u00bb global_colors_info=\u00bb{}\u00bb button_bg_color__hover_enabled=\u00bbon|desktop\u00bb button_bg_color__hover=\u00bb#33275e\u00bb button_bg_enable_color__hover=\u00bbon\u00bb][\/et_pb_button][\/et_pb_column][\/et_pb_row][et_pb_row use_custom_gutter=\u00bbon\u00bb gutter_width=\u00bb1&#8243; _builder_version=\u00bb4.21.0&#8243; _module_preset=\u00bbdefault\u00bb custom_margin=\u00bb|||19px|false|false\u00bb custom_padding=\u00bb4px|||||\u00bb global_colors_info=\u00bb{}\u00bb transform_translate__hover_enabled=\u00bbon|desktop\u00bb transform_rotate__hover_enabled=\u00bbon|desktop\u00bb transform_skew__hover_enabled=\u00bbon|desktop\u00bb transform_origin__hover_enabled=\u00bbon|desktop\u00bb][et_pb_column type=\u00bb4_4&#8243; _builder_version=\u00bb4.21.0&#8243; _module_preset=\u00bbdefault\u00bb global_colors_info=\u00bb{}\u00bb][et_pb_gallery gallery_ids=\u00bb307,308,309,310,312&#8243; orientation=\u00bbportrait\u00bb show_title_and_caption=\u00bboff\u00bb show_pagination=\u00bboff\u00bb zoom_icon_color=\u00bb#4bd095&#8243; hover_overlay_color=\u00bbrgba(135,209,176,0.25)\u00bb hover_icon=\u00bb&#x54;||divi||400&#8243; _builder_version=\u00bb4.21.0&#8243; _module_preset=\u00bbdefault\u00bb width=\u00bb116%\u00bb module_alignment=\u00bbcenter\u00bb border_radii=\u00bbon|12px|12px|12px|12px\u00bb border_radii_image=\u00bbon|4px|4px|4px|4px\u00bb border_width_all_image=\u00bb3px\u00bb border_color_all_image=\u00bb#FFFFFF\u00bb global_colors_info=\u00bb{}\u00bb transform_styles__hover_enabled=\u00bbon|hover\u00bb transform_scale__hover_enabled=\u00bbon|hover\u00bb transform_translate__hover_enabled=\u00bbon|desktop\u00bb transform_rotate__hover_enabled=\u00bbon|desktop\u00bb transform_skew__hover_enabled=\u00bbon|desktop\u00bb transform_origin__hover_enabled=\u00bbon|desktop\u00bb][\/et_pb_gallery][\/et_pb_column][\/et_pb_row][et_pb_row _builder_version=\u00bb4.16&#8243; background_size=\u00bbinitial\u00bb background_position=\u00bbtop_left\u00bb background_repeat=\u00bbrepeat\u00bb width=\u00bb100%\u00bb global_colors_info=\u00bb{}\u00bb][et_pb_column type=\u00bb4_4&#8243; _builder_version=\u00bb4.16&#8243; custom_padding=\u00bb|||\u00bb global_colors_info=\u00bb{}\u00bb custom_padding__hover=\u00bb|||\u00bb][et_pb_wc_tabs active_tab_background_color=\u00bbrgba(118,93,222,0.22)\u00bb include_tabs=\u00bbdescription|\u00bb _builder_version=\u00bb4.21.0&#8243; border_radii=\u00bbon|7px|7px|7px|7px\u00bb global_colors_info=\u00bb{}\u00bb]\t\t\t\t\t[\/et_pb_wc_tabs][et_pb_code _builder_version=\u00bb4.21.0&#8243; _module_preset=\u00bbdefault\u00bb hover_enabled=\u00bb0&#8243; sticky_enabled=\u00bb0&#8243; text_orientation=\u00bbcenter\u00bb module_id=\u00bbmapa\u00bb]<iframe src=\"https:\/\/www.google.com\/maps\/embed?pb=!1m18!1m12!1m3!1d3026.998026542999!2d-71.4102205244437!3d-40.65197390151641!2m3!1f0!2f0!3f0!3m2!1i1024!2i768!4f13.1!3m3!1m2!1s0x9610ed673ac06d85%3A0xdb1c1e3437b4a0cf!2sHosteria%20villa%20traful!5e0!3m2!1ses!2sar!4v1686984465644!5m2!1ses!2sar\" width=\"600\" height=\"450\" style=\"border:0;\" allowfullscreen=\"\" loading=\"lazy\" referrerpolicy=\"no-referrer-when-downgrade\"><\/iframe>[\/et_pb_code][et_pb_text _builder_version=\u00bb4.21.0&#8243; _module_preset=\u00bbdefault\u00bb text_font=\u00bbNunito|600|||||||\u00bb text_font_size=\u00bb23px\u00bb custom_margin=\u00bb||0px||false|false\u00bb custom_padding=\u00bb19px||||false|false\u00bb global_colors_info=\u00bb{}\u00bb theme_builder_area=\u00bbpost_content\u00bb]<\/p>\n<p>Otros alojamientos relacionados:<\/p>\n<p>[\/et_pb_text][et_pb_wc_related_products include_categories=\u00bbcurrent,16,23&#8243; _builder_version=\u00bb4.21.0&#8243; _module_preset=\u00bbdefault\u00bb title_font_size=\u00bb0px\u00bb product_title_font=\u00bbNunito||||||||\u00bb product_title_text_align=\u00bbcenter\u00bb product_title_font_size=\u00bb22px\u00bb hover_enabled=\u00bb0&#8243; title_font_size_tablet=\u00bb\u00bb title_font_size_phone=\u00bb\u00bb title_font_size_last_edited=\u00bbon|phone\u00bb product_title_font_size_tablet=\u00bb\u00bb product_title_font_size_phone=\u00bb\u00bb product_title_font_size_last_edited=\u00bbon|desktop\u00bb global_colors_info=\u00bb{}\u00bb theme_builder_area=\u00bbpost_content\u00bb sticky_enabled=\u00bb0&#8243;][\/et_pb_wc_related_products][\/et_pb_column][\/et_pb_row][\/et_pb_section]<\/p>\n","protected":false},"excerpt":{"rendered":"<p>The first hostel in Villa Traful. Comfortable rooms, breakfast included, WiFi. Also cabins 2, 3, 4 to 6 people.<\/p>","protected":false},"featured_media":311,"comment_status":"open","ping_status":"closed","template":"","meta":{"_acf_changed":false,"_et_pb_use_builder":"on","_et_pb_old_content":"El complejo cuenta con una hoster\u00eda que ofrece habitaciones acogedoras para 2 y 3 personas, equipadas con ba\u00f1o privado, calefacci\u00f3n, televisi\u00f3n satelital y desayuno incluido. Adem\u00e1s, en el predio de 3 hect\u00e1reas, encontrar\u00e1s nuestras caba\u00f1as, dise\u00f1adas para alojar de 4 a 6 personas, y equipadas con servicios de ropa de cama, parrilla, televisi\u00f3n satelital y otros detalles para tu comodidad.\r\n\r\nTanto la hoster\u00eda como las caba\u00f1as ofrecen conexi\u00f3n WiFi gratuita y estacionamiento para todos los hu\u00e9spedes. Con una tradici\u00f3n de 80 a\u00f1os, el complejo es atendido por sus propios due\u00f1os, quienes se dedican a hacer que los visitantes se sientan como en casa y disfruten de su estad\u00eda.\r\n\r\nEl complejo se enorgullece de brindar una experiencia \u00fanica en Villa Traful, combinando el encanto de sus instalaciones con la belleza natural que lo rodea. Ven y disfruta de una estancia excepcional en este lugar especial, donde te invitamos a descansar, relajarte y disfrutar de todo lo que Villa Traful tiene para ofrecer.","_et_gb_content_width":""},"product_brand":[],"product_cat":[19],"product_tag":[],"class_list":{"0":"post-221","1":"product","2":"type-product","3":"status-publish","4":"has-post-thumbnail","6":"product_cat-hosterias","8":"first","9":"onbackorder","10":"shipping-taxable","11":"product-type-simple"},"acf":[],"yoast_head":"<!-- This site is optimized with the Yoast SEO plugin v24.7 - https:\/\/yoast.com\/wordpress\/plugins\/seo\/ -->\n<title>Hoster\u00eda Villa Traful - Caba\u00f1as en Alquiler Villa Traful<\/title>\n<meta name=\"robots\" content=\"index, follow, max-snippet:-1, max-image-preview:large, max-video-preview:-1\" \/>\n<link rel=\"canonical\" href=\"https:\/\/www.xn--cabaasentraful-tnb.com.ar\/english\/product\/hosteria-villa-traful\/\" \/>\n<meta property=\"og:locale\" content=\"en_GB\" \/>\n<meta property=\"og:type\" content=\"article\" \/>\n<meta property=\"og:title\" content=\"Hoster\u00eda Villa Traful - Caba\u00f1as en Alquiler Villa Traful\" \/>\n<meta property=\"og:description\" content=\"La primera hoster\u00eda en Villa Traful. Habitaciones c\u00f3modas, desayuno inclu\u00eddo, WiFi. Tambi\u00e9n caba\u00f1as de 2,3,4 a 6 personas.\" \/>\n<meta property=\"og:url\" content=\"https:\/\/www.xn--cabaasentraful-tnb.com.ar\/english\/wp-json\/wp\/v2\/product\/221\" \/>\n<meta property=\"og:site_name\" content=\"Caba\u00f1as en Alquiler Villa Traful\" \/>\n<meta property=\"article:modified_time\" content=\"2023-07-25T23:12:45+00:00\" \/>\n<meta property=\"og:image\" content=\"https:\/\/www.xn--cabaasentraful-tnb.com.ar\/wp-content\/uploads\/2023\/06\/cabanas-villa-traful-1.jpg\" \/>\n\t<meta property=\"og:image:width\" content=\"600\" \/>\n\t<meta property=\"og:image:height\" content=\"400\" \/>\n\t<meta property=\"og:image:type\" content=\"image\/jpeg\" \/>\n<meta name=\"twitter:card\" content=\"summary_large_image\" \/>\n<meta name=\"twitter:label1\" content=\"Estimated reading time\" \/>\n\t<meta name=\"twitter:data1\" content=\"6 minutes\" \/>\n<script type=\"application\/ld+json\" class=\"yoast-schema-graph\">{\"@context\":\"https:\/\/schema.org\",\"@graph\":[{\"@type\":\"WebPage\",\"@id\":\"https:\/\/www.xn--cabaasentraful-tnb.com.ar\/producto\/hosteria-villa-traful\/\",\"url\":\"https:\/\/www.xn--cabaasentraful-tnb.com.ar\/producto\/hosteria-villa-traful\/\",\"name\":\"Hoster\u00eda Villa Traful - Caba\u00f1as en Alquiler Villa Traful\",\"isPartOf\":{\"@id\":\"https:\/\/www.xn--cabaasentraful-tnb.com.ar\/#website\"},\"primaryImageOfPage\":{\"@id\":\"https:\/\/www.xn--cabaasentraful-tnb.com.ar\/producto\/hosteria-villa-traful\/#primaryimage\"},\"image\":{\"@id\":\"https:\/\/www.xn--cabaasentraful-tnb.com.ar\/producto\/hosteria-villa-traful\/#primaryimage\"},\"thumbnailUrl\":\"https:\/\/www.xn--cabaasentraful-tnb.com.ar\/wp-content\/uploads\/2023\/06\/cabanas-villa-traful-1.jpg\",\"datePublished\":\"2023-06-22T07:49:32+00:00\",\"dateModified\":\"2023-07-25T23:12:45+00:00\",\"breadcrumb\":{\"@id\":\"https:\/\/www.xn--cabaasentraful-tnb.com.ar\/producto\/hosteria-villa-traful\/#breadcrumb\"},\"inLanguage\":\"en-GB\",\"potentialAction\":[{\"@type\":\"ReadAction\",\"target\":[\"https:\/\/www.xn--cabaasentraful-tnb.com.ar\/producto\/hosteria-villa-traful\/\"]}]},{\"@type\":\"ImageObject\",\"inLanguage\":\"en-GB\",\"@id\":\"https:\/\/www.xn--cabaasentraful-tnb.com.ar\/producto\/hosteria-villa-traful\/#primaryimage\",\"url\":\"https:\/\/www.xn--cabaasentraful-tnb.com.ar\/wp-content\/uploads\/2023\/06\/cabanas-villa-traful-1.jpg\",\"contentUrl\":\"https:\/\/www.xn--cabaasentraful-tnb.com.ar\/wp-content\/uploads\/2023\/06\/cabanas-villa-traful-1.jpg\",\"width\":600,\"height\":400},{\"@type\":\"BreadcrumbList\",\"@id\":\"https:\/\/www.xn--cabaasentraful-tnb.com.ar\/producto\/hosteria-villa-traful\/#breadcrumb\",\"itemListElement\":[{\"@type\":\"ListItem\",\"position\":1,\"name\":\"Portada\",\"item\":\"https:\/\/www.xn--cabaasentraful-tnb.com.ar\/\"},{\"@type\":\"ListItem\",\"position\":2,\"name\":\"Productos\",\"item\":\"https:\/\/www.xn--cabaasentraful-tnb.com.ar\/shop\/\"},{\"@type\":\"ListItem\",\"position\":3,\"name\":\"Hoster\u00eda Villa Traful\"}]},{\"@type\":\"WebSite\",\"@id\":\"https:\/\/www.xn--cabaasentraful-tnb.com.ar\/#website\",\"url\":\"https:\/\/www.xn--cabaasentraful-tnb.com.ar\/\",\"name\":\"Caba\u00f1as en Alquiler Villa Traful\",\"description\":\"\u00a1Bienvenido al sitio web de Villa Traful!\",\"potentialAction\":[{\"@type\":\"SearchAction\",\"target\":{\"@type\":\"EntryPoint\",\"urlTemplate\":\"https:\/\/www.xn--cabaasentraful-tnb.com.ar\/?s={search_term_string}\"},\"query-input\":{\"@type\":\"PropertyValueSpecification\",\"valueRequired\":true,\"valueName\":\"search_term_string\"}}],\"inLanguage\":\"en-GB\"}]}<\/script>\n<!-- \/ Yoast SEO plugin. -->","yoast_head_json":{"title":"Hoster\u00eda Villa Traful - Caba\u00f1as en Alquiler Villa Traful","robots":{"index":"index","follow":"follow","max-snippet":"max-snippet:-1","max-image-preview":"max-image-preview:large","max-video-preview":"max-video-preview:-1"},"canonical":"https:\/\/www.xn--cabaasentraful-tnb.com.ar\/english\/product\/hosteria-villa-traful\/","og_locale":"en_GB","og_type":"article","og_title":"Hoster\u00eda Villa Traful - Caba\u00f1as en Alquiler Villa Traful","og_description":"La primera hoster\u00eda en Villa Traful. Habitaciones c\u00f3modas, desayuno inclu\u00eddo, WiFi. Tambi\u00e9n caba\u00f1as de 2,3,4 a 6 personas.","og_url":"https:\/\/www.xn--cabaasentraful-tnb.com.ar\/english\/wp-json\/wp\/v2\/product\/221","og_site_name":"Caba\u00f1as en Alquiler Villa Traful","article_modified_time":"2023-07-25T23:12:45+00:00","og_image":[{"width":600,"height":400,"url":"https:\/\/www.xn--cabaasentraful-tnb.com.ar\/wp-content\/uploads\/2023\/06\/cabanas-villa-traful-1.jpg","type":"image\/jpeg"}],"twitter_card":"summary_large_image","twitter_misc":{"Estimated reading time":"6 minutes"},"schema":{"@context":"https:\/\/schema.org","@graph":[{"@type":"WebPage","@id":"https:\/\/www.xn--cabaasentraful-tnb.com.ar\/producto\/hosteria-villa-traful\/","url":"https:\/\/www.xn--cabaasentraful-tnb.com.ar\/producto\/hosteria-villa-traful\/","name":"Hoster\u00eda Villa Traful - Caba\u00f1as en Alquiler Villa Traful","isPartOf":{"@id":"https:\/\/www.xn--cabaasentraful-tnb.com.ar\/#website"},"primaryImageOfPage":{"@id":"https:\/\/www.xn--cabaasentraful-tnb.com.ar\/producto\/hosteria-villa-traful\/#primaryimage"},"image":{"@id":"https:\/\/www.xn--cabaasentraful-tnb.com.ar\/producto\/hosteria-villa-traful\/#primaryimage"},"thumbnailUrl":"https:\/\/www.xn--cabaasentraful-tnb.com.ar\/wp-content\/uploads\/2023\/06\/cabanas-villa-traful-1.jpg","datePublished":"2023-06-22T07:49:32+00:00","dateModified":"2023-07-25T23:12:45+00:00","breadcrumb":{"@id":"https:\/\/www.xn--cabaasentraful-tnb.com.ar\/producto\/hosteria-villa-traful\/#breadcrumb"},"inLanguage":"en-GB","potentialAction":[{"@type":"ReadAction","target":["https:\/\/www.xn--cabaasentraful-tnb.com.ar\/producto\/hosteria-villa-traful\/"]}]},{"@type":"ImageObject","inLanguage":"en-GB","@id":"https:\/\/www.xn--cabaasentraful-tnb.com.ar\/producto\/hosteria-villa-traful\/#primaryimage","url":"https:\/\/www.xn--cabaasentraful-tnb.com.ar\/wp-content\/uploads\/2023\/06\/cabanas-villa-traful-1.jpg","contentUrl":"https:\/\/www.xn--cabaasentraful-tnb.com.ar\/wp-content\/uploads\/2023\/06\/cabanas-villa-traful-1.jpg","width":600,"height":400},{"@type":"BreadcrumbList","@id":"https:\/\/www.xn--cabaasentraful-tnb.com.ar\/producto\/hosteria-villa-traful\/#breadcrumb","itemListElement":[{"@type":"ListItem","position":1,"name":"Portada","item":"https:\/\/www.xn--cabaasentraful-tnb.com.ar\/"},{"@type":"ListItem","position":2,"name":"Productos","item":"https:\/\/www.xn--cabaasentraful-tnb.com.ar\/shop\/"},{"@type":"ListItem","position":3,"name":"Hoster\u00eda Villa Traful"}]},{"@type":"WebSite","@id":"https:\/\/www.xn--cabaasentraful-tnb.com.ar\/#website","url":"https:\/\/www.xn--cabaasentraful-tnb.com.ar\/","name":"Caba\u00f1as en Alquiler Villa Traful","description":"\u00a1Bienvenido al sitio web de Villa Traful!","potentialAction":[{"@type":"SearchAction","target":{"@type":"EntryPoint","urlTemplate":"https:\/\/www.xn--cabaasentraful-tnb.com.ar\/?s={search_term_string}"},"query-input":{"@type":"PropertyValueSpecification","valueRequired":true,"valueName":"search_term_string"}}],"inLanguage":"en-GB"}]}},"_links":{"self":[{"href":"https:\/\/www.xn--cabaasentraful-tnb.com.ar\/english\/wp-json\/wp\/v2\/product\/221"}],"collection":[{"href":"https:\/\/www.xn--cabaasentraful-tnb.com.ar\/english\/wp-json\/wp\/v2\/product"}],"about":[{"href":"https:\/\/www.xn--cabaasentraful-tnb.com.ar\/english\/wp-json\/wp\/v2\/types\/product"}],"replies":[{"embeddable":true,"href":"https:\/\/www.xn--cabaasentraful-tnb.com.ar\/english\/wp-json\/wp\/v2\/comments?post=221"}],"wp:featuredmedia":[{"embeddable":true,"href":"https:\/\/www.xn--cabaasentraful-tnb.com.ar\/english\/wp-json\/wp\/v2\/media\/311"}],"wp:attachment":[{"href":"https:\/\/www.xn--cabaasentraful-tnb.com.ar\/english\/wp-json\/wp\/v2\/media?parent=221"}],"wp:term":[{"taxonomy":"product_brand","embeddable":true,"href":"https:\/\/www.xn--cabaasentraful-tnb.com.ar\/english\/wp-json\/wp\/v2\/product_brand?post=221"},{"taxonomy":"product_cat","embeddable":true,"href":"https:\/\/www.xn--cabaasentraful-tnb.com.ar\/english\/wp-json\/wp\/v2\/product_cat?post=221"},{"taxonomy":"product_tag","embeddable":true,"href":"https:\/\/www.xn--cabaasentraful-tnb.com.ar\/english\/wp-json\/wp\/v2\/product_tag?post=221"}],"curies":[{"name":"wp","href":"https:\/\/api.w.org\/{rel}","templated":true}]}}