{"id":41,"date":"2023-06-22T20:01:57","date_gmt":"2023-06-22T20:01:57","guid":{"rendered":"https:\/\/www.xn--cabaasentraful-tnb.com.ar\/?post_type=product&#038;p=41"},"modified":"2025-07-31T01:56:10","modified_gmt":"2025-07-31T01:56:10","slug":"alto-traful","status":"publish","type":"product","link":"https:\/\/www.xn--cabaasentraful-tnb.com.ar\/english\/product\/alto-traful\/","title":{"rendered":"Alto Traful Hotel"},"content":{"rendered":"<p>[et_pb_section fb_built=\u00bb1&#8243; _builder_version=\u00bb4.21.0&#8243; custom_padding=\u00bb0px||||false|false\u00bb global_colors_info=\u00bb{}\u00bb][et_pb_row _builder_version=\u00bb4.16&#8243; background_size=\u00bbinitial\u00bb background_position=\u00bbtop_left\u00bb background_repeat=\u00bbrepeat\u00bb width=\u00bb100%\u00bb custom_padding=\u00bb0px||0px||false|false\u00bb global_colors_info=\u00bb{}\u00bb][et_pb_column type=\u00bb4_4&#8243; _builder_version=\u00bb4.16&#8243; custom_padding=\u00bb|||\u00bb global_colors_info=\u00bb{}\u00bb custom_padding__hover=\u00bb|||\u00bb][et_pb_wc_breadcrumb _builder_version=\u00bb4.21.0&#8243; body_font=\u00bbNunito|500|||||||\u00bb body_text_color=\u00bb#4f6bd1&#8243; body_font_size=\u00bb14px\u00bb global_colors_info=\u00bb{}\u00bb][\/et_pb_wc_breadcrumb][\/et_pb_column][\/et_pb_row][et_pb_row column_structure=\u00bb1_2,1_2&#8243; _builder_version=\u00bb4.16&#8243; background_size=\u00bbinitial\u00bb background_position=\u00bbtop_left\u00bb background_repeat=\u00bbrepeat\u00bb width=\u00bb100%\u00bb custom_padding=\u00bb0px||||false|false\u00bb global_colors_info=\u00bb{}\u00bb][et_pb_column type=\u00bb1_2&#8243; _builder_version=\u00bb4.16&#8243; custom_padding=\u00bb|||\u00bb global_colors_info=\u00bb{}\u00bb custom_padding__hover=\u00bb|||\u00bb][et_pb_wc_images sale_badge_color=\u00bb#4bd095&#8243; _builder_version=\u00bb4.21.0&#8243; sale_badge_font=\u00bb|600||on|||||\u00bb border_radii=\u00bbon|7px|7px|7px|7px\u00bb global_colors_info=\u00bb{}\u00bb][\/et_pb_wc_images][et_pb_button button_url=\u00bbhttps:\/\/wa.me\/5492996599400&#8243; url_new_window=\u00bbon\u00bb button_text=\u00bbIr a Whatsapp\u00bb _builder_version=\u00bb4.27.4&#8243; _module_preset=\u00bbdefault\u00bb custom_button=\u00bbon\u00bb button_text_size=\u00bb22px\u00bb button_text_color=\u00bb#FFFFFF\u00bb button_bg_color=\u00bb#4bd095&#8243; button_border_color=\u00bb#00d173&#8243; button_border_radius=\u00bb5px\u00bb button_font=\u00bbNunito||||||||\u00bb button_icon=\u00bb&#xf3cd;||fa||900&#8243; custom_margin=\u00bb|||9px||\u00bb hover_enabled=\u00bb0&#8243; button_text_size_tablet=\u00bb22px\u00bb button_text_size_phone=\u00bb16px\u00bb button_text_size_last_edited=\u00bbon|phone\u00bb box_shadow_style=\u00bbpreset1&#8243; global_colors_info=\u00bb{}\u00bb button_bg_color__hover_enabled=\u00bbon|desktop\u00bb button_bg_color__hover=\u00bb#76e072&#8243; button_bg_enable_color__hover=\u00bbon\u00bb sticky_enabled=\u00bb0&#8243;][\/et_pb_button][\/et_pb_column][et_pb_column type=\u00bb1_2&#8243; _builder_version=\u00bb4.16&#8243; custom_padding=\u00bb|||\u00bb global_colors_info=\u00bb{}\u00bb custom_padding__hover=\u00bb|||\u00bb][et_pb_wc_title _builder_version=\u00bb4.21.0&#8243; header_font=\u00bbNunito|700|||||||\u00bb global_colors_info=\u00bb{}\u00bb][\/et_pb_wc_title][et_pb_wc_rating _builder_version=\u00bb4.21.0&#8243; global_colors_info=\u00bb{}\u00bb][\/et_pb_wc_rating][et_pb_wc_price _builder_version=\u00bb4.16&#8243; global_colors_info=\u00bb{}\u00bb][\/et_pb_wc_price][et_pb_wc_description _builder_version=\u00bb4.21.0&#8243; body_font=\u00bbNunito||||||||\u00bb body_font_size=\u00bb15px\u00bb global_colors_info=\u00bb{}\u00bb][\/et_pb_wc_description][et_pb_text _builder_version=\u00bb4.21.0&#8243; _module_preset=\u00bbdefault\u00bb text_font=\u00bbNunito||||||||\u00bb global_colors_info=\u00bb{}\u00bb]<\/p>\n<p><em>(Consultar Valor)<\/em><\/p>\n<p>[\/et_pb_text][et_pb_wc_meta _builder_version=\u00bb4.21.0&#8243; body_font=\u00bbNunito||||||||\u00bb body_font_size=\u00bb15px\u00bb global_colors_info=\u00bb{}\u00bb][\/et_pb_wc_meta][et_pb_text _builder_version=\u00bb4.21.0&#8243; _module_preset=\u00bbdefault\u00bb text_font=\u00bb|600|||||||\u00bb text_text_color=\u00bb#598ceb\u00bb custom_margin=\u00bb-20px|||-10px|false|false\u00bb custom_padding=\u00bb9px||17px|14px|false|false\u00bb border_radii=\u00bbon|13px|13px|13px|13px\u00bb border_width_all=\u00bb1px\u00bb border_color_all=\u00bbrgba(89,140,235,0.96)\u00bb border_style_all=\u00bbdotted\u00bb inline_fonts=\u00bbRighteous\u00bb global_colors_info=\u00bb{}\u00bb]<\/p>\n<p><i class=\"fa-regular fa-lightbulb\" style=\"color: #29c4a9;\"><\/i>\u00a0 \u00a0LUZ:\u00a0 <span style=\"color: #333333;\">Si <\/span><br \/><i class=\"fa-solid fa-fire-burner\" style=\"color: #29c4a9;\"><\/i> GAS: <span style=\"color: #333333;\">Si<br \/><\/span> <i class=\"fa-regular fa-snowflake\" style=\"color: #09b3b7;\"><\/i>\u00a0 AIRE ACONDICIONADO: <span style=\"color: #333333;\">Si<\/span><br \/><i class=\"fa-solid fa-wifi\" style=\"color: #29c4a9;\"><\/i>\u00a0 WIFI: <span style=\"color: #333333;\">Si<\/span><br \/><i class=\"fa-solid fa-satellite-dish\" style=\"color: #29c4a9;\"><\/i>\u00a0 \u00a0DIRECTV: <span style=\"color: #333333;\">Si<\/span><br \/><i class=\"fa-solid fa-dog\" style=\"color: #29c4a9;\"><\/i>\u00a0 ACEPTA MASCOTAS: <span style=\"color: #333333;\">Consultar<\/span><br \/><i class=\"fa-solid fa-bed\" style=\"color: #29c4a9;\"><\/i>\u00a0 ROPA\u00a0 DE CAMA: <span style=\"color: #333333;\">Si<br \/><\/span> <i class=\"fa-solid fa-water-ladder\" style=\"color: #29c4a9;\"><\/i>\u00a0 PILETA CLIMATIZADA: <span style=\"color: #333333;\">Si<\/span><br \/><i class=\"fa-solid fa-mug-saucer\" style=\"color: #09b3b7;\"><\/i> DESAYUNO INCLU\u00cdDO: <span style=\"color: #000000;\">Si<\/span><\/p>\n<p>[\/et_pb_text][\/et_pb_column][\/et_pb_row][et_pb_row column_structure=\u00bb1_4,1_4,1_4,1_4&#8243; _builder_version=\u00bb4.21.0&#8243; _module_preset=\u00bbdefault\u00bb custom_margin=\u00bb-16px||15px||false|false\u00bb custom_margin_tablet=\u00bb-16px||15px||false|false\u00bb custom_margin_phone=\u00bb-70px||-8px|0px|false|false\u00bb custom_margin_last_edited=\u00bbon|phone\u00bb custom_padding=\u00bb25px|||0px||\u00bb global_colors_info=\u00bb{}\u00bb][et_pb_column type=\u00bb1_4&#8243; _builder_version=\u00bb4.21.0&#8243; _module_preset=\u00bbdefault\u00bb global_colors_info=\u00bb{}\u00bb][et_pb_button button_url=\u00bbhttps:\/\/www.altotraful.com.ar\/\u00bb url_new_window=\u00bbon\u00bb button_text=\u00bbwww\u00bb _builder_version=\u00bb4.21.0&#8243; _module_preset=\u00bbdefault\u00bb custom_button=\u00bbon\u00bb button_text_size=\u00bb18px\u00bb button_text_color=\u00bb#FFFFFF\u00bb button_bg_color=\u00bb#765dde\u00bb button_border_width=\u00bb1px\u00bb button_border_radius=\u00bb74px\u00bb button_font=\u00bbNunito||||||||\u00bb button_icon=\u00bb&#xe0e3;||divi||400&#8243; button_on_hover=\u00bboff\u00bb custom_margin=\u00bb|||-6px||\u00bb global_colors_info=\u00bb{}\u00bb button_bg_color__hover_enabled=\u00bbon|desktop\u00bb button_bg_color__hover=\u00bb#33275e\u00bb button_bg_enable_color__hover=\u00bbon\u00bb][\/et_pb_button][\/et_pb_column][et_pb_column type=\u00bb1_4&#8243; _builder_version=\u00bb4.21.0&#8243; _module_preset=\u00bbdefault\u00bb global_colors_info=\u00bb{}\u00bb][et_pb_button button_url=\u00bb#mapa\u00bb button_text=\u00bbmapa\u00bb _builder_version=\u00bb4.21.0&#8243; _module_preset=\u00bbdefault\u00bb custom_button=\u00bbon\u00bb button_text_size=\u00bb18px\u00bb button_text_color=\u00bb#FFFFFF\u00bb button_bg_color=\u00bb#765dde\u00bb button_border_width=\u00bb1px\u00bb button_border_radius=\u00bb74px\u00bb button_font=\u00bbNunito||||||||\u00bb button_icon=\u00bb&#xe01d;||divi||400&#8243; button_on_hover=\u00bboff\u00bb custom_margin=\u00bb|||-6px||\u00bb global_colors_info=\u00bb{}\u00bb button_bg_color__hover_enabled=\u00bbon|desktop\u00bb button_bg_color__hover=\u00bb#33275e\u00bb button_bg_enable_color__hover=\u00bbon\u00bb][\/et_pb_button][\/et_pb_column][et_pb_column type=\u00bb1_4&#8243; _builder_version=\u00bb4.21.0&#8243; _module_preset=\u00bbdefault\u00bb global_colors_info=\u00bb{}\u00bb][et_pb_button button_url=\u00bbhttps:\/\/www.instagram.com\/hotelaltotraful\u00bb url_new_window=\u00bbon\u00bb button_text=\u00bbinstagram\u00bb _builder_version=\u00bb4.21.0&#8243; _module_preset=\u00bbdefault\u00bb custom_button=\u00bbon\u00bb button_text_size=\u00bb18px\u00bb button_text_color=\u00bb#FFFFFF\u00bb button_bg_color=\u00bb#765dde\u00bb button_border_width=\u00bb1px\u00bb button_border_radius=\u00bb74px\u00bb button_font=\u00bbNunito||||||||\u00bb button_icon=\u00bb&#xe09a;||divi||400&#8243; button_on_hover=\u00bboff\u00bb custom_margin=\u00bb|||-6px||\u00bb global_colors_info=\u00bb{}\u00bb button_bg_color__hover_enabled=\u00bbon|desktop\u00bb button_bg_color__hover=\u00bb#33275e\u00bb button_bg_enable_color__hover=\u00bbon\u00bb][\/et_pb_button][\/et_pb_column][et_pb_column type=\u00bb1_4&#8243; _builder_version=\u00bb4.21.0&#8243; _module_preset=\u00bbdefault\u00bb global_colors_info=\u00bb{}\u00bb][et_pb_button button_url=\u00bbtel:+5492996599400&#8243; url_new_window=\u00bbon\u00bb button_text=\u00bbtel\u00e9fono\u00bb _builder_version=\u00bb4.27.4&#8243; _module_preset=\u00bbdefault\u00bb custom_button=\u00bbon\u00bb button_text_size=\u00bb18px\u00bb button_text_color=\u00bb#FFFFFF\u00bb button_bg_color=\u00bb#765dde\u00bb button_border_width=\u00bb1px\u00bb button_border_radius=\u00bb74px\u00bb button_font=\u00bbNunito||||||||\u00bb button_icon=\u00bb&#xf879;||fa||900&#8243; button_on_hover=\u00bboff\u00bb custom_margin=\u00bb|||-6px||\u00bb hover_enabled=\u00bb0&#8243; global_colors_info=\u00bb{}\u00bb button_bg_color__hover_enabled=\u00bbon|desktop\u00bb button_bg_color__hover=\u00bb#33275e\u00bb button_bg_enable_color__hover=\u00bbon\u00bb sticky_enabled=\u00bb0&#8243;][\/et_pb_button][\/et_pb_column][\/et_pb_row][et_pb_row use_custom_gutter=\u00bbon\u00bb gutter_width=\u00bb1&#8243; _builder_version=\u00bb4.21.0&#8243; _module_preset=\u00bbdefault\u00bb custom_margin=\u00bb|||19px|false|false\u00bb custom_padding=\u00bb4px|||||\u00bb global_colors_info=\u00bb{}\u00bb transform_translate__hover_enabled=\u00bbon|desktop\u00bb transform_rotate__hover_enabled=\u00bbon|desktop\u00bb transform_skew__hover_enabled=\u00bbon|desktop\u00bb transform_origin__hover_enabled=\u00bbon|desktop\u00bb][et_pb_column type=\u00bb4_4&#8243; _builder_version=\u00bb4.21.0&#8243; _module_preset=\u00bbdefault\u00bb global_colors_info=\u00bb{}\u00bb][et_pb_gallery gallery_ids=\u00bb851,852,854,855&#8243; orientation=\u00bbportrait\u00bb show_title_and_caption=\u00bboff\u00bb show_pagination=\u00bboff\u00bb zoom_icon_color=\u00bb#4bd095&#8243; hover_overlay_color=\u00bbrgba(135,209,176,0.25)\u00bb hover_icon=\u00bb&#x54;||divi||400&#8243; _builder_version=\u00bb4.21.0&#8243; _module_preset=\u00bbdefault\u00bb width=\u00bb116%\u00bb module_alignment=\u00bbcenter\u00bb border_radii=\u00bbon|12px|12px|12px|12px\u00bb border_radii_image=\u00bbon|4px|4px|4px|4px\u00bb border_width_all_image=\u00bb3px\u00bb border_color_all_image=\u00bb#FFFFFF\u00bb global_colors_info=\u00bb{}\u00bb transform_styles__hover_enabled=\u00bbon|hover\u00bb transform_scale__hover_enabled=\u00bbon|hover\u00bb transform_translate__hover_enabled=\u00bbon|desktop\u00bb transform_rotate__hover_enabled=\u00bbon|desktop\u00bb transform_skew__hover_enabled=\u00bbon|desktop\u00bb transform_origin__hover_enabled=\u00bbon|desktop\u00bb][\/et_pb_gallery][\/et_pb_column][\/et_pb_row][et_pb_row _builder_version=\u00bb4.16&#8243; background_size=\u00bbinitial\u00bb background_position=\u00bbtop_left\u00bb background_repeat=\u00bbrepeat\u00bb width=\u00bb100%\u00bb global_colors_info=\u00bb{}\u00bb][et_pb_column type=\u00bb4_4&#8243; _builder_version=\u00bb4.16&#8243; custom_padding=\u00bb|||\u00bb global_colors_info=\u00bb{}\u00bb custom_padding__hover=\u00bb|||\u00bb][et_pb_wc_tabs include_tabs=\u00bbdescription|\u00bb _builder_version=\u00bb4.21.0&#8243; global_colors_info=\u00bb{}\u00bb]\t\t\t\t\t[\/et_pb_wc_tabs][et_pb_wc_upsells _builder_version=\u00bb4.16&#8243; global_colors_info=\u00bb{}\u00bb][\/et_pb_wc_upsells][et_pb_text _builder_version=\u00bb4.21.0&#8243; _module_preset=\u00bbdefault\u00bb text_font=\u00bbNunito|600|||||||\u00bb text_font_size=\u00bb23px\u00bb custom_margin=\u00bb||0px||false|false\u00bb custom_padding=\u00bb19px||||false|false\u00bb global_colors_info=\u00bb{}\u00bb]<\/p>\n<p>Otros alojamientos relacionados:<\/p>\n<p>[\/et_pb_text][et_pb_wc_related_products include_categories=\u00bbcurrent,16,21,23&#8243; show_price=\u00bboff\u00bb show_sale_badge=\u00bboff\u00bb _builder_version=\u00bb4.21.0&#8243; title_font=\u00bbNunito||||||||\u00bb title_font_size=\u00bb0px\u00bb product_title_font=\u00bbNunito||||||||\u00bb product_title_font_size=\u00bb22px\u00bb global_colors_info=\u00bb{}\u00bb][\/et_pb_wc_related_products][\/et_pb_column][\/et_pb_row][\/et_pb_section][et_pb_section fb_built=\u00bb1&#8243; _builder_version=\u00bb4.21.0&#8243; _module_preset=\u00bbdefault\u00bb custom_margin=\u00bb-133px|||||\u00bb global_colors_info=\u00bb{}\u00bb][et_pb_row _builder_version=\u00bb4.21.0&#8243; _module_preset=\u00bbdefault\u00bb global_colors_info=\u00bb{}\u00bb][et_pb_column type=\u00bb4_4&#8243; _builder_version=\u00bb4.21.0&#8243; _module_preset=\u00bbdefault\u00bb global_colors_info=\u00bb{}\u00bb][et_pb_code module_id=\u00bbmapa\u00bb _builder_version=\u00bb4.21.0&#8243; _module_preset=\u00bbdefault\u00bb text_orientation=\u00bbcenter\u00bb global_colors_info=\u00bb{}\u00bb]<iframe src=\"https:\/\/www.google.com\/maps\/embed?pb=!1m14!1m8!1m3!1d12108.275741495881!2d-71.416353!3d-40.6504108!3m2!1i1024!2i768!4f13.1!3m3!1m2!1s0x9610ed935e1e82af%3A0x4965747beef289fb!2sHotel%20Alto%20Traful!5e0!3m2!1ses-419!2sar!4v1690253142512!5m2!1ses-419!2sar\" width=\"600\" height=\"450\" style=\"border:0;\" allowfullscreen=\"\" loading=\"lazy\" referrerpolicy=\"no-referrer-when-downgrade\"><\/iframe>[\/et_pb_code][\/et_pb_column][\/et_pb_row][\/et_pb_section]<\/p>\n","protected":false},"excerpt":{"rendered":"<p>A unique hotel in Villa Traful, with 25 suites and 2 houses of a modern patagonian style. With a heated pool, spa, massage room and sauna. 4 Stars.<\/p>","protected":false},"featured_media":199,"comment_status":"open","ping_status":"closed","template":"","meta":{"_acf_changed":false,"_et_pb_use_builder":"on","_et_pb_old_content":"Hotel Alto Traful, est\u00e1 ubicado en la maravillosa Villa Traful a orillas del Lago Traful. Descubr\u00ed un para\u00edso patag\u00f3nico y con\u00e9ctate con esos bosques m\u00edsticos y v\u00edrgenes que ofrecen mucho por disfrutar.\r\n\r\nUn hotel \u00fanico en el destino, con 25 suites y 2 casas en donde encontrar\u00e1s espacios que combinan una moderna decoraci\u00f3n y esa magia patag\u00f3nica.\r\n\r\nCon la posibilidad de crear una experiencia personalizada de acuerdo a tus deseos, disfruta de sus m\u00faltiples espacios ya sea la piscina climatizada o el spa con su sala de relajaci\u00f3n, sala de masajes y sauna.\r\n\r\nOfrece adem\u00e1s una propuesta gastron\u00f3mica \u00fanica en la Villa con una exquisita carta gourmet que evoca esos sabores patag\u00f3nicos tradicionales locales .","_et_gb_content_width":""},"product_brand":[],"product_cat":[18],"product_tag":[39,38,40,36],"class_list":{"0":"post-41","1":"product","2":"type-product","3":"status-publish","4":"has-post-thumbnail","6":"product_cat-hoteles","7":"product_tag-desayuno","8":"product_tag-hotel","9":"product_tag-pileta-climatizada","10":"product_tag-villa-traful","12":"first","13":"onbackorder","14":"shipping-taxable","15":"product-type-simple"},"acf":[],"yoast_head":"<!-- This site is optimized with the Yoast SEO plugin v24.7 - https:\/\/yoast.com\/wordpress\/plugins\/seo\/ -->\n<title>Hotel Alto Traful - Caba\u00f1as en Alquiler Villa Traful<\/title>\n<meta name=\"robots\" content=\"index, follow, max-snippet:-1, max-image-preview:large, max-video-preview:-1\" \/>\n<link rel=\"canonical\" href=\"https:\/\/www.xn--cabaasentraful-tnb.com.ar\/english\/product\/alto-traful\/\" \/>\n<meta property=\"og:locale\" content=\"en_GB\" \/>\n<meta property=\"og:type\" content=\"article\" \/>\n<meta property=\"og:title\" content=\"Hotel Alto Traful - Caba\u00f1as en Alquiler Villa Traful\" \/>\n<meta property=\"og:description\" content=\"Un hotel \u00fanico en Villa Traful, con 25 suites y 2 casas de un moderno estilo patag\u00f3nico. Con piscina climatizada, spa, sala de masajes y sauna. 4 Estrellas.\" \/>\n<meta property=\"og:url\" content=\"https:\/\/www.xn--cabaasentraful-tnb.com.ar\/english\/wp-json\/wp\/v2\/product\/41\" \/>\n<meta property=\"og:site_name\" content=\"Caba\u00f1as en Alquiler Villa Traful\" \/>\n<meta property=\"article:modified_time\" content=\"2025-07-31T01:56:10+00:00\" \/>\n<meta property=\"og:image\" content=\"https:\/\/www.xn--cabaasentraful-tnb.com.ar\/wp-content\/uploads\/2023\/06\/hotel-alto-traful-by.jpg\" \/>\n\t<meta property=\"og:image:width\" content=\"700\" \/>\n\t<meta property=\"og:image:height\" content=\"394\" \/>\n\t<meta property=\"og:image:type\" content=\"image\/jpeg\" \/>\n<meta name=\"twitter:card\" content=\"summary_large_image\" \/>\n<meta name=\"twitter:label1\" content=\"Estimated reading time\" \/>\n\t<meta name=\"twitter:data1\" content=\"6 minutes\" \/>\n<script type=\"application\/ld+json\" class=\"yoast-schema-graph\">{\"@context\":\"https:\/\/schema.org\",\"@graph\":[{\"@type\":\"WebPage\",\"@id\":\"https:\/\/www.xn--cabaasentraful-tnb.com.ar\/producto\/alto-traful\/\",\"url\":\"https:\/\/www.xn--cabaasentraful-tnb.com.ar\/producto\/alto-traful\/\",\"name\":\"Hotel Alto Traful - Caba\u00f1as en Alquiler Villa Traful\",\"isPartOf\":{\"@id\":\"https:\/\/www.xn--cabaasentraful-tnb.com.ar\/#website\"},\"primaryImageOfPage\":{\"@id\":\"https:\/\/www.xn--cabaasentraful-tnb.com.ar\/producto\/alto-traful\/#primaryimage\"},\"image\":{\"@id\":\"https:\/\/www.xn--cabaasentraful-tnb.com.ar\/producto\/alto-traful\/#primaryimage\"},\"thumbnailUrl\":\"https:\/\/www.xn--cabaasentraful-tnb.com.ar\/wp-content\/uploads\/2023\/06\/hotel-alto-traful-by.jpg\",\"datePublished\":\"2023-06-22T20:01:57+00:00\",\"dateModified\":\"2025-07-31T01:56:10+00:00\",\"breadcrumb\":{\"@id\":\"https:\/\/www.xn--cabaasentraful-tnb.com.ar\/producto\/alto-traful\/#breadcrumb\"},\"inLanguage\":\"en-GB\",\"potentialAction\":[{\"@type\":\"ReadAction\",\"target\":[\"https:\/\/www.xn--cabaasentraful-tnb.com.ar\/producto\/alto-traful\/\"]}]},{\"@type\":\"ImageObject\",\"inLanguage\":\"en-GB\",\"@id\":\"https:\/\/www.xn--cabaasentraful-tnb.com.ar\/producto\/alto-traful\/#primaryimage\",\"url\":\"https:\/\/www.xn--cabaasentraful-tnb.com.ar\/wp-content\/uploads\/2023\/06\/hotel-alto-traful-by.jpg\",\"contentUrl\":\"https:\/\/www.xn--cabaasentraful-tnb.com.ar\/wp-content\/uploads\/2023\/06\/hotel-alto-traful-by.jpg\",\"width\":700,\"height\":394},{\"@type\":\"BreadcrumbList\",\"@id\":\"https:\/\/www.xn--cabaasentraful-tnb.com.ar\/producto\/alto-traful\/#breadcrumb\",\"itemListElement\":[{\"@type\":\"ListItem\",\"position\":1,\"name\":\"Portada\",\"item\":\"https:\/\/www.xn--cabaasentraful-tnb.com.ar\/\"},{\"@type\":\"ListItem\",\"position\":2,\"name\":\"Productos\",\"item\":\"https:\/\/www.xn--cabaasentraful-tnb.com.ar\/shop\/\"},{\"@type\":\"ListItem\",\"position\":3,\"name\":\"Hotel Alto Traful\"}]},{\"@type\":\"WebSite\",\"@id\":\"https:\/\/www.xn--cabaasentraful-tnb.com.ar\/#website\",\"url\":\"https:\/\/www.xn--cabaasentraful-tnb.com.ar\/\",\"name\":\"Caba\u00f1as en Alquiler Villa Traful\",\"description\":\"\u00a1Bienvenido al sitio web de Villa Traful!\",\"potentialAction\":[{\"@type\":\"SearchAction\",\"target\":{\"@type\":\"EntryPoint\",\"urlTemplate\":\"https:\/\/www.xn--cabaasentraful-tnb.com.ar\/?s={search_term_string}\"},\"query-input\":{\"@type\":\"PropertyValueSpecification\",\"valueRequired\":true,\"valueName\":\"search_term_string\"}}],\"inLanguage\":\"en-GB\"}]}<\/script>\n<!-- \/ Yoast SEO plugin. -->","yoast_head_json":{"title":"Hotel Alto Traful - Caba\u00f1as en Alquiler Villa Traful","robots":{"index":"index","follow":"follow","max-snippet":"max-snippet:-1","max-image-preview":"max-image-preview:large","max-video-preview":"max-video-preview:-1"},"canonical":"https:\/\/www.xn--cabaasentraful-tnb.com.ar\/english\/product\/alto-traful\/","og_locale":"en_GB","og_type":"article","og_title":"Hotel Alto Traful - Caba\u00f1as en Alquiler Villa Traful","og_description":"Un hotel \u00fanico en Villa Traful, con 25 suites y 2 casas de un moderno estilo patag\u00f3nico. Con piscina climatizada, spa, sala de masajes y sauna. 4 Estrellas.","og_url":"https:\/\/www.xn--cabaasentraful-tnb.com.ar\/english\/wp-json\/wp\/v2\/product\/41","og_site_name":"Caba\u00f1as en Alquiler Villa Traful","article_modified_time":"2025-07-31T01:56:10+00:00","og_image":[{"width":700,"height":394,"url":"https:\/\/www.xn--cabaasentraful-tnb.com.ar\/wp-content\/uploads\/2023\/06\/hotel-alto-traful-by.jpg","type":"image\/jpeg"}],"twitter_card":"summary_large_image","twitter_misc":{"Estimated reading time":"6 minutes"},"schema":{"@context":"https:\/\/schema.org","@graph":[{"@type":"WebPage","@id":"https:\/\/www.xn--cabaasentraful-tnb.com.ar\/producto\/alto-traful\/","url":"https:\/\/www.xn--cabaasentraful-tnb.com.ar\/producto\/alto-traful\/","name":"Hotel Alto Traful - Caba\u00f1as en Alquiler Villa Traful","isPartOf":{"@id":"https:\/\/www.xn--cabaasentraful-tnb.com.ar\/#website"},"primaryImageOfPage":{"@id":"https:\/\/www.xn--cabaasentraful-tnb.com.ar\/producto\/alto-traful\/#primaryimage"},"image":{"@id":"https:\/\/www.xn--cabaasentraful-tnb.com.ar\/producto\/alto-traful\/#primaryimage"},"thumbnailUrl":"https:\/\/www.xn--cabaasentraful-tnb.com.ar\/wp-content\/uploads\/2023\/06\/hotel-alto-traful-by.jpg","datePublished":"2023-06-22T20:01:57+00:00","dateModified":"2025-07-31T01:56:10+00:00","breadcrumb":{"@id":"https:\/\/www.xn--cabaasentraful-tnb.com.ar\/producto\/alto-traful\/#breadcrumb"},"inLanguage":"en-GB","potentialAction":[{"@type":"ReadAction","target":["https:\/\/www.xn--cabaasentraful-tnb.com.ar\/producto\/alto-traful\/"]}]},{"@type":"ImageObject","inLanguage":"en-GB","@id":"https:\/\/www.xn--cabaasentraful-tnb.com.ar\/producto\/alto-traful\/#primaryimage","url":"https:\/\/www.xn--cabaasentraful-tnb.com.ar\/wp-content\/uploads\/2023\/06\/hotel-alto-traful-by.jpg","contentUrl":"https:\/\/www.xn--cabaasentraful-tnb.com.ar\/wp-content\/uploads\/2023\/06\/hotel-alto-traful-by.jpg","width":700,"height":394},{"@type":"BreadcrumbList","@id":"https:\/\/www.xn--cabaasentraful-tnb.com.ar\/producto\/alto-traful\/#breadcrumb","itemListElement":[{"@type":"ListItem","position":1,"name":"Portada","item":"https:\/\/www.xn--cabaasentraful-tnb.com.ar\/"},{"@type":"ListItem","position":2,"name":"Productos","item":"https:\/\/www.xn--cabaasentraful-tnb.com.ar\/shop\/"},{"@type":"ListItem","position":3,"name":"Hotel Alto Traful"}]},{"@type":"WebSite","@id":"https:\/\/www.xn--cabaasentraful-tnb.com.ar\/#website","url":"https:\/\/www.xn--cabaasentraful-tnb.com.ar\/","name":"Caba\u00f1as en Alquiler Villa Traful","description":"\u00a1Bienvenido al sitio web de Villa Traful!","potentialAction":[{"@type":"SearchAction","target":{"@type":"EntryPoint","urlTemplate":"https:\/\/www.xn--cabaasentraful-tnb.com.ar\/?s={search_term_string}"},"query-input":{"@type":"PropertyValueSpecification","valueRequired":true,"valueName":"search_term_string"}}],"inLanguage":"en-GB"}]}},"_links":{"self":[{"href":"https:\/\/www.xn--cabaasentraful-tnb.com.ar\/english\/wp-json\/wp\/v2\/product\/41"}],"collection":[{"href":"https:\/\/www.xn--cabaasentraful-tnb.com.ar\/english\/wp-json\/wp\/v2\/product"}],"about":[{"href":"https:\/\/www.xn--cabaasentraful-tnb.com.ar\/english\/wp-json\/wp\/v2\/types\/product"}],"replies":[{"embeddable":true,"href":"https:\/\/www.xn--cabaasentraful-tnb.com.ar\/english\/wp-json\/wp\/v2\/comments?post=41"}],"wp:featuredmedia":[{"embeddable":true,"href":"https:\/\/www.xn--cabaasentraful-tnb.com.ar\/english\/wp-json\/wp\/v2\/media\/199"}],"wp:attachment":[{"href":"https:\/\/www.xn--cabaasentraful-tnb.com.ar\/english\/wp-json\/wp\/v2\/media?parent=41"}],"wp:term":[{"taxonomy":"product_brand","embeddable":true,"href":"https:\/\/www.xn--cabaasentraful-tnb.com.ar\/english\/wp-json\/wp\/v2\/product_brand?post=41"},{"taxonomy":"product_cat","embeddable":true,"href":"https:\/\/www.xn--cabaasentraful-tnb.com.ar\/english\/wp-json\/wp\/v2\/product_cat?post=41"},{"taxonomy":"product_tag","embeddable":true,"href":"https:\/\/www.xn--cabaasentraful-tnb.com.ar\/english\/wp-json\/wp\/v2\/product_tag?post=41"}],"curies":[{"name":"wp","href":"https:\/\/api.w.org\/{rel}","templated":true}]}}