{"id":610,"date":"2023-06-20T23:54:15","date_gmt":"2023-06-20T23:54:15","guid":{"rendered":"https:\/\/www.xn--cabaasentraful-tnb.com.ar\/?post_type=product&#038;p=610"},"modified":"2025-09-01T01:04:54","modified_gmt":"2025-09-01T01:04:54","slug":"campingcataratas","status":"publish","type":"product","link":"https:\/\/www.xn--cabaasentraful-tnb.com.ar\/english\/product\/campingcataratas\/","title":{"rendered":"Camping Cataratas"},"content":{"rendered":"<p>[et_pb_section fb_built=\u00bb1&#8243; _builder_version=\u00bb4.21.0&#8243; custom_padding=\u00bb0px||||false|false\u00bb global_colors_info=\u00bb{}\u00bb][et_pb_row _builder_version=\u00bb4.16&#8243; background_size=\u00bbinitial\u00bb background_position=\u00bbtop_left\u00bb background_repeat=\u00bbrepeat\u00bb width=\u00bb100%\u00bb custom_padding=\u00bb0px||0px||false|false\u00bb global_colors_info=\u00bb{}\u00bb][et_pb_column type=\u00bb4_4&#8243; _builder_version=\u00bb4.16&#8243; custom_padding=\u00bb|||\u00bb global_colors_info=\u00bb{}\u00bb custom_padding__hover=\u00bb|||\u00bb][et_pb_wc_breadcrumb _builder_version=\u00bb4.21.0&#8243; body_font=\u00bbNunito|500|||||||\u00bb body_text_color=\u00bb#4f6bd1&#8243; body_font_size=\u00bb14px\u00bb global_colors_info=\u00bb{}\u00bb][\/et_pb_wc_breadcrumb][\/et_pb_column][\/et_pb_row][et_pb_row column_structure=\u00bb1_2,1_2&#8243; _builder_version=\u00bb4.16&#8243; background_size=\u00bbinitial\u00bb background_position=\u00bbtop_left\u00bb background_repeat=\u00bbrepeat\u00bb width=\u00bb100%\u00bb custom_padding=\u00bb0px||||false|false\u00bb global_colors_info=\u00bb{}\u00bb][et_pb_column type=\u00bb1_2&#8243; _builder_version=\u00bb4.16&#8243; custom_padding=\u00bb|||\u00bb global_colors_info=\u00bb{}\u00bb custom_padding__hover=\u00bb|||\u00bb][et_pb_wc_images sale_badge_color=\u00bb#4bd095&#8243; _builder_version=\u00bb4.21.0&#8243; sale_badge_font=\u00bb|600||on|||||\u00bb border_radii=\u00bbon|7px|7px|7px|7px\u00bb global_colors_info=\u00bb{}\u00bb][\/et_pb_wc_images][et_pb_button button_url=\u00bbhttps:\/\/wa.me\/54294154643101&#8243; url_new_window=\u00bbon\u00bb button_text=\u00bbIr a Whatsapp\u00bb _builder_version=\u00bb4.21.0&#8243; _module_preset=\u00bbdefault\u00bb custom_button=\u00bbon\u00bb button_text_size=\u00bb22px\u00bb button_text_color=\u00bb#FFFFFF\u00bb button_bg_color=\u00bb#4bd095&#8243; button_border_color=\u00bb#00d173&#8243; button_border_radius=\u00bb5px\u00bb button_font=\u00bbNunito||||||||\u00bb button_icon=\u00bb&#xf3cd;||fa||900&#8243; custom_margin=\u00bb|||9px||\u00bb button_text_size_tablet=\u00bb22px\u00bb button_text_size_phone=\u00bb16px\u00bb button_text_size_last_edited=\u00bbon|phone\u00bb box_shadow_style=\u00bbpreset1&#8243; global_colors_info=\u00bb{}\u00bb button_bg_color__hover_enabled=\u00bbon|desktop\u00bb button_bg_color__hover=\u00bb#76e072&#8243; button_bg_enable_color__hover=\u00bbon\u00bb][\/et_pb_button][\/et_pb_column][et_pb_column type=\u00bb1_2&#8243; _builder_version=\u00bb4.16&#8243; custom_padding=\u00bb|||\u00bb global_colors_info=\u00bb{}\u00bb custom_padding__hover=\u00bb|||\u00bb][et_pb_wc_title _builder_version=\u00bb4.21.0&#8243; header_font=\u00bbNunito|700|||||||\u00bb global_colors_info=\u00bb{}\u00bb][\/et_pb_wc_title][et_pb_wc_rating _builder_version=\u00bb4.21.0&#8243; global_colors_info=\u00bb{}\u00bb][\/et_pb_wc_rating][et_pb_wc_price _builder_version=\u00bb4.16&#8243; global_colors_info=\u00bb{}\u00bb][\/et_pb_wc_price][et_pb_wc_description _builder_version=\u00bb4.21.0&#8243; body_font=\u00bbNunito||||||||\u00bb body_font_size=\u00bb15px\u00bb global_colors_info=\u00bb{}\u00bb][\/et_pb_wc_description][et_pb_text _builder_version=\u00bb4.21.0&#8243; _module_preset=\u00bbdefault\u00bb text_font=\u00bbNunito||||||||\u00bb global_colors_info=\u00bb{}\u00bb]<\/p>\n<p><em>(Consultar Valor)<\/em><\/p>\n<p>[\/et_pb_text][et_pb_wc_add_to_cart show_quantity=\u00bboff\u00bb _builder_version=\u00bb4.21.0&#8243; custom_button=\u00bbon\u00bb button_text_color=\u00bb#FFFFFF\u00bb button_bg_color=\u00bb#4bd095&#8243; global_colors_info=\u00bb{}\u00bb][\/et_pb_wc_add_to_cart][et_pb_wc_meta _builder_version=\u00bb4.21.0&#8243; body_font=\u00bbNunito||||||||\u00bb body_font_size=\u00bb15px\u00bb global_colors_info=\u00bb{}\u00bb][\/et_pb_wc_meta][et_pb_text _builder_version=\u00bb4.21.0&#8243; _module_preset=\u00bbdefault\u00bb text_font=\u00bb|600|||||||\u00bb text_text_color=\u00bb#598ceb\u00bb custom_margin=\u00bb-20px|||-10px|false|false\u00bb custom_padding=\u00bb9px||17px|14px|false|false\u00bb border_radii=\u00bbon|13px|13px|13px|13px\u00bb border_width_all=\u00bb1px\u00bb border_color_all=\u00bbrgba(89,140,235,0.96)\u00bb border_style_all=\u00bbdotted\u00bb global_colors_info=\u00bb{}\u00bb]<\/p>\n<p>LUZ:\u00a0 <span style=\"color: #333333;\">No<\/span><br \/>GAS: <span style=\"color: #333333;\">No<\/span><br \/>WIFI: <span style=\"color: #333333;\">No<\/span><br \/>DIRECTV: <span style=\"color: #333333;\">No<\/span><br \/>ACEPTA MASCOTAS: <span style=\"color: #333333;\">Consultar<\/span><br \/>ROPA\u00a0 DE CAMA: <span style=\"color: #333333;\">No<\/span><\/p>\n<p>[\/et_pb_text][\/et_pb_column][\/et_pb_row][et_pb_row column_structure=\u00bb1_4,1_4,1_4,1_4&#8243; _builder_version=\u00bb4.21.0&#8243; _module_preset=\u00bbdefault\u00bb custom_margin=\u00bb-16px||15px||false|false\u00bb custom_margin_tablet=\u00bb-16px||15px||false|false\u00bb custom_margin_phone=\u00bb-70px||-8px|0px|false|false\u00bb custom_margin_last_edited=\u00bbon|phone\u00bb custom_padding=\u00bb25px|||0px||\u00bb global_colors_info=\u00bb{}\u00bb][et_pb_column type=\u00bb1_4&#8243; _builder_version=\u00bb4.21.0&#8243; _module_preset=\u00bbdefault\u00bb global_colors_info=\u00bb{}\u00bb][et_pb_button url_new_window=\u00bbon\u00bb button_text=\u00bbwww\u00bb _builder_version=\u00bb4.21.0&#8243; _module_preset=\u00bbdefault\u00bb custom_button=\u00bbon\u00bb button_text_size=\u00bb18px\u00bb button_text_color=\u00bb#FFFFFF\u00bb button_bg_color=\u00bb#765dde\u00bb button_border_width=\u00bb1px\u00bb button_border_radius=\u00bb74px\u00bb button_font=\u00bbNunito||||||||\u00bb button_icon=\u00bb&#xe0e3;||divi||400&#8243; button_on_hover=\u00bboff\u00bb custom_margin=\u00bb|||-6px||\u00bb global_colors_info=\u00bb{}\u00bb button_bg_color__hover_enabled=\u00bbon|desktop\u00bb button_bg_color__hover=\u00bb#33275e\u00bb button_bg_enable_color__hover=\u00bbon\u00bb][\/et_pb_button][\/et_pb_column][et_pb_column type=\u00bb1_4&#8243; _builder_version=\u00bb4.21.0&#8243; _module_preset=\u00bbdefault\u00bb global_colors_info=\u00bb{}\u00bb][et_pb_button button_url=\u00bb#mapa\u00bb button_text=\u00bbmapa\u00bb _builder_version=\u00bb4.21.0&#8243; _module_preset=\u00bbdefault\u00bb custom_button=\u00bbon\u00bb button_text_size=\u00bb18px\u00bb button_text_color=\u00bb#FFFFFF\u00bb button_bg_color=\u00bb#765dde\u00bb button_border_width=\u00bb1px\u00bb button_border_radius=\u00bb74px\u00bb button_font=\u00bbNunito||||||||\u00bb button_icon=\u00bb&#xe01d;||divi||400&#8243; button_on_hover=\u00bboff\u00bb custom_margin=\u00bb|||-6px||\u00bb global_colors_info=\u00bb{}\u00bb button_bg_color__hover_enabled=\u00bbon|desktop\u00bb button_bg_color__hover=\u00bb#33275e\u00bb button_bg_enable_color__hover=\u00bbon\u00bb][\/et_pb_button][\/et_pb_column][et_pb_column type=\u00bb1_4&#8243; _builder_version=\u00bb4.21.0&#8243; _module_preset=\u00bbdefault\u00bb global_colors_info=\u00bb{}\u00bb][et_pb_button button_url=\u00bbhttps:\/\/www.facebook.com\/profile.php?id=100075848453632&#8243; url_new_window=\u00bbon\u00bb button_text=\u00bbinstagram\u00bb _builder_version=\u00bb4.21.0&#8243; _module_preset=\u00bbdefault\u00bb custom_button=\u00bbon\u00bb button_text_size=\u00bb18px\u00bb button_text_color=\u00bb#FFFFFF\u00bb button_bg_color=\u00bb#765dde\u00bb button_border_width=\u00bb1px\u00bb button_border_radius=\u00bb74px\u00bb button_font=\u00bbNunito||||||||\u00bb button_icon=\u00bb&#xe09a;||divi||400&#8243; button_on_hover=\u00bboff\u00bb custom_margin=\u00bb|||-6px||\u00bb global_colors_info=\u00bb{}\u00bb button_bg_color__hover_enabled=\u00bbon|desktop\u00bb button_bg_color__hover=\u00bb#33275e\u00bb button_bg_enable_color__hover=\u00bbon\u00bb][\/et_pb_button][\/et_pb_column][et_pb_column type=\u00bb1_4&#8243; _builder_version=\u00bb4.21.0&#8243; _module_preset=\u00bbdefault\u00bb global_colors_info=\u00bb{}\u00bb][et_pb_button button_url=\u00bbhttp:\/\/294154643101&#8243; url_new_window=\u00bbon\u00bb button_text=\u00bbtel\u00e9fono\u00bb _builder_version=\u00bb4.21.0&#8243; _module_preset=\u00bbdefault\u00bb custom_button=\u00bbon\u00bb button_text_size=\u00bb18px\u00bb button_text_color=\u00bb#FFFFFF\u00bb button_bg_color=\u00bb#765dde\u00bb button_border_width=\u00bb1px\u00bb button_border_radius=\u00bb74px\u00bb button_font=\u00bbNunito||||||||\u00bb button_icon=\u00bb&#xf879;||fa||900&#8243; button_on_hover=\u00bboff\u00bb custom_margin=\u00bb|||-6px||\u00bb global_colors_info=\u00bb{}\u00bb button_bg_color__hover_enabled=\u00bbon|desktop\u00bb button_bg_color__hover=\u00bb#33275e\u00bb button_bg_enable_color__hover=\u00bbon\u00bb][\/et_pb_button][\/et_pb_column][\/et_pb_row][et_pb_row use_custom_gutter=\u00bbon\u00bb gutter_width=\u00bb1&#8243; _builder_version=\u00bb4.21.0&#8243; _module_preset=\u00bbdefault\u00bb custom_margin=\u00bb|||19px|false|false\u00bb custom_padding=\u00bb4px|||||\u00bb global_colors_info=\u00bb{}\u00bb transform_translate__hover_enabled=\u00bbon|desktop\u00bb transform_rotate__hover_enabled=\u00bbon|desktop\u00bb transform_skew__hover_enabled=\u00bbon|desktop\u00bb transform_origin__hover_enabled=\u00bbon|desktop\u00bb][et_pb_column type=\u00bb4_4&#8243; _builder_version=\u00bb4.21.0&#8243; _module_preset=\u00bbdefault\u00bb global_colors_info=\u00bb{}\u00bb][et_pb_gallery gallery_ids=\u00bb628,627,626,625,623,622,619&#8243; orientation=\u00bbportrait\u00bb show_title_and_caption=\u00bboff\u00bb show_pagination=\u00bboff\u00bb zoom_icon_color=\u00bb#4bd095&#8243; hover_overlay_color=\u00bbrgba(135,209,176,0.25)\u00bb hover_icon=\u00bb&#x54;||divi||400&#8243; _builder_version=\u00bb4.21.0&#8243; _module_preset=\u00bbdefault\u00bb width=\u00bb116%\u00bb module_alignment=\u00bbcenter\u00bb border_radii=\u00bbon|12px|12px|12px|12px\u00bb border_radii_image=\u00bbon|4px|4px|4px|4px\u00bb border_width_all_image=\u00bb3px\u00bb border_color_all_image=\u00bb#FFFFFF\u00bb global_colors_info=\u00bb{}\u00bb transform_styles__hover_enabled=\u00bbon|hover\u00bb transform_scale__hover_enabled=\u00bbon|hover\u00bb transform_translate__hover_enabled=\u00bbon|desktop\u00bb transform_rotate__hover_enabled=\u00bbon|desktop\u00bb transform_skew__hover_enabled=\u00bbon|desktop\u00bb transform_origin__hover_enabled=\u00bbon|desktop\u00bb][\/et_pb_gallery][\/et_pb_column][\/et_pb_row][et_pb_row _builder_version=\u00bb4.16&#8243; background_size=\u00bbinitial\u00bb background_position=\u00bbtop_left\u00bb background_repeat=\u00bbrepeat\u00bb width=\u00bb100%\u00bb global_colors_info=\u00bb{}\u00bb][et_pb_column type=\u00bb4_4&#8243; _builder_version=\u00bb4.16&#8243; custom_padding=\u00bb|||\u00bb global_colors_info=\u00bb{}\u00bb custom_padding__hover=\u00bb|||\u00bb][et_pb_wc_tabs _builder_version=\u00bb4.16&#8243; global_colors_info=\u00bb{}\u00bb]\t\t\t\t\t[\/et_pb_wc_tabs][et_pb_wc_upsells _builder_version=\u00bb4.16&#8243; global_colors_info=\u00bb{}\u00bb][\/et_pb_wc_upsells][et_pb_wc_related_products show_price=\u00bboff\u00bb show_sale_badge=\u00bboff\u00bb _builder_version=\u00bb4.21.0&#8243; title_font=\u00bbNunito||||||||\u00bb title_font_size=\u00bb25px\u00bb product_title_font=\u00bbNunito||||||||\u00bb product_title_font_size=\u00bb22px\u00bb global_colors_info=\u00bb{}\u00bb][\/et_pb_wc_related_products][\/et_pb_column][\/et_pb_row][\/et_pb_section][et_pb_section fb_built=\u00bb1&#8243; _builder_version=\u00bb4.21.0&#8243; _module_preset=\u00bbdefault\u00bb custom_margin=\u00bb-133px|||||\u00bb global_colors_info=\u00bb{}\u00bb][et_pb_row admin_label=\u00bbmapa\u00bb _builder_version=\u00bb4.21.0&#8243; _module_preset=\u00bbdefault\u00bb hover_enabled=\u00bb0&#8243; global_colors_info=\u00bb{}\u00bb module_id=\u00bbmapa\u00bb sticky_enabled=\u00bb0&#8243;][et_pb_column type=\u00bb4_4&#8243; _builder_version=\u00bb4.21.0&#8243; _module_preset=\u00bbdefault\u00bb global_colors_info=\u00bb{}\u00bb][et_pb_code _builder_version=\u00bb4.21.0&#8243; _module_preset=\u00bbdefault\u00bb text_orientation=\u00bbcenter\u00bb global_colors_info=\u00bb{}\u00bb]<iframe src=\"https:\/\/www.google.com\/maps\/embed?pb=!1m14!1m8!1m3!1d12112.232409321212!2d-71.4916417!3d-40.6286006!3m2!1i1024!2i768!4f13.1!3m3!1m2!1s0x9610e947866bd381%3A0xe582743baea482ac!2sCamping%20Arroyo%20Cataratas!5e0!3m2!1ses!2sar!4v1687310376212!5m2!1ses!2sar\" width=\"600\" height=\"450\" style=\"border:0;\" allowfullscreen=\"\" loading=\"lazy\" referrerpolicy=\"no-referrer-when-downgrade\"><\/iframe>[\/et_pb_code][\/et_pb_column][\/et_pb_row][\/et_pb_section]<\/p>\n","protected":false},"excerpt":{"rendered":"<p>Es un hermoso camping agreste sobre el Lago Traful y la vera Arroyo Co Lemu, a 8km de la Villa. Cu\u00e9nta con ba\u00f1os y provedur\u00eda. <\/p>","protected":false},"featured_media":624,"comment_status":"open","ping_status":"closed","template":"","meta":{"_acf_changed":false,"_et_pb_use_builder":"on","_et_pb_old_content":"De los campings m\u00e1s bonitos que pod\u00e9s conocer en Traful. La vista que tiene, la tranquilidad y paz no tienen precio! Tiene diferentes sectores para acampar: playa, r\u00edo, bosque o parque. Pod\u00e9s elegir un lugar debajo de un \u00e1rbol gigante, con pastito verde, sombra,  mesa y churrasquera. No te har\u00e1 falta m\u00e1s nada, ni wifi ni luz. Ba\u00f1os limpios y agua caliente. Vas a querer volver mil veces!","_et_gb_content_width":""},"product_brand":[],"product_cat":[22],"product_tag":[],"class_list":{"0":"post-610","1":"product","2":"type-product","3":"status-publish","4":"has-post-thumbnail","6":"product_cat-campings","8":"first","9":"instock","10":"shipping-taxable","11":"product-type-simple"},"acf":[],"yoast_head":"<!-- This site is optimized with the Yoast SEO plugin v24.7 - https:\/\/yoast.com\/wordpress\/plugins\/seo\/ -->\n<title>Camping Cataratas - Caba\u00f1as en Alquiler Villa Traful<\/title>\n<meta name=\"robots\" content=\"index, follow, max-snippet:-1, max-image-preview:large, max-video-preview:-1\" \/>\n<link rel=\"canonical\" href=\"https:\/\/www.xn--cabaasentraful-tnb.com.ar\/english\/product\/campingcataratas\/\" \/>\n<meta property=\"og:locale\" content=\"en_GB\" \/>\n<meta property=\"og:type\" content=\"article\" \/>\n<meta property=\"og:title\" content=\"Camping Cataratas - Caba\u00f1as en Alquiler Villa Traful\" \/>\n<meta property=\"og:description\" content=\"Es un hermoso camping agreste sobre el Lago Traful y la vera Arroyo Co Lemu, a 8km de la Villa. Cu\u00e9nta con ba\u00f1os y provedur\u00eda.\" \/>\n<meta property=\"og:url\" content=\"https:\/\/www.xn--cabaasentraful-tnb.com.ar\/english\/wp-json\/wp\/v2\/product\/610\" \/>\n<meta property=\"og:site_name\" content=\"Caba\u00f1as en Alquiler Villa Traful\" \/>\n<meta property=\"article:modified_time\" content=\"2025-09-01T01:04:54+00:00\" \/>\n<meta property=\"og:image\" content=\"https:\/\/www.xn--cabaasentraful-tnb.com.ar\/wp-content\/uploads\/2023\/06\/camping-cataratas.jpg\" \/>\n\t<meta property=\"og:image:width\" content=\"960\" \/>\n\t<meta property=\"og:image:height\" content=\"541\" \/>\n\t<meta property=\"og:image:type\" content=\"image\/jpeg\" \/>\n<meta name=\"twitter:card\" content=\"summary_large_image\" \/>\n<meta name=\"twitter:label1\" content=\"Estimated reading time\" \/>\n\t<meta name=\"twitter:data1\" content=\"6 minutes\" \/>\n<script type=\"application\/ld+json\" class=\"yoast-schema-graph\">{\"@context\":\"https:\/\/schema.org\",\"@graph\":[{\"@type\":\"WebPage\",\"@id\":\"https:\/\/www.xn--cabaasentraful-tnb.com.ar\/producto\/campingcataratas\/\",\"url\":\"https:\/\/www.xn--cabaasentraful-tnb.com.ar\/producto\/campingcataratas\/\",\"name\":\"Camping Cataratas - Caba\u00f1as en Alquiler Villa Traful\",\"isPartOf\":{\"@id\":\"https:\/\/www.xn--cabaasentraful-tnb.com.ar\/#website\"},\"primaryImageOfPage\":{\"@id\":\"https:\/\/www.xn--cabaasentraful-tnb.com.ar\/producto\/campingcataratas\/#primaryimage\"},\"image\":{\"@id\":\"https:\/\/www.xn--cabaasentraful-tnb.com.ar\/producto\/campingcataratas\/#primaryimage\"},\"thumbnailUrl\":\"https:\/\/www.xn--cabaasentraful-tnb.com.ar\/wp-content\/uploads\/2023\/06\/camping-cataratas.jpg\",\"datePublished\":\"2023-06-20T23:54:15+00:00\",\"dateModified\":\"2025-09-01T01:04:54+00:00\",\"breadcrumb\":{\"@id\":\"https:\/\/www.xn--cabaasentraful-tnb.com.ar\/producto\/campingcataratas\/#breadcrumb\"},\"inLanguage\":\"en-GB\",\"potentialAction\":[{\"@type\":\"ReadAction\",\"target\":[\"https:\/\/www.xn--cabaasentraful-tnb.com.ar\/producto\/campingcataratas\/\"]}]},{\"@type\":\"ImageObject\",\"inLanguage\":\"en-GB\",\"@id\":\"https:\/\/www.xn--cabaasentraful-tnb.com.ar\/producto\/campingcataratas\/#primaryimage\",\"url\":\"https:\/\/www.xn--cabaasentraful-tnb.com.ar\/wp-content\/uploads\/2023\/06\/camping-cataratas.jpg\",\"contentUrl\":\"https:\/\/www.xn--cabaasentraful-tnb.com.ar\/wp-content\/uploads\/2023\/06\/camping-cataratas.jpg\",\"width\":960,\"height\":541},{\"@type\":\"BreadcrumbList\",\"@id\":\"https:\/\/www.xn--cabaasentraful-tnb.com.ar\/producto\/campingcataratas\/#breadcrumb\",\"itemListElement\":[{\"@type\":\"ListItem\",\"position\":1,\"name\":\"Portada\",\"item\":\"https:\/\/www.xn--cabaasentraful-tnb.com.ar\/\"},{\"@type\":\"ListItem\",\"position\":2,\"name\":\"Productos\",\"item\":\"https:\/\/www.xn--cabaasentraful-tnb.com.ar\/shop\/\"},{\"@type\":\"ListItem\",\"position\":3,\"name\":\"Camping Cataratas\"}]},{\"@type\":\"WebSite\",\"@id\":\"https:\/\/www.xn--cabaasentraful-tnb.com.ar\/#website\",\"url\":\"https:\/\/www.xn--cabaasentraful-tnb.com.ar\/\",\"name\":\"Caba\u00f1as en Alquiler Villa Traful\",\"description\":\"\u00a1Bienvenido al sitio web de Villa Traful!\",\"potentialAction\":[{\"@type\":\"SearchAction\",\"target\":{\"@type\":\"EntryPoint\",\"urlTemplate\":\"https:\/\/www.xn--cabaasentraful-tnb.com.ar\/?s={search_term_string}\"},\"query-input\":{\"@type\":\"PropertyValueSpecification\",\"valueRequired\":true,\"valueName\":\"search_term_string\"}}],\"inLanguage\":\"en-GB\"}]}<\/script>\n<!-- \/ Yoast SEO plugin. -->","yoast_head_json":{"title":"Camping Cataratas - Caba\u00f1as en Alquiler Villa Traful","robots":{"index":"index","follow":"follow","max-snippet":"max-snippet:-1","max-image-preview":"max-image-preview:large","max-video-preview":"max-video-preview:-1"},"canonical":"https:\/\/www.xn--cabaasentraful-tnb.com.ar\/english\/product\/campingcataratas\/","og_locale":"en_GB","og_type":"article","og_title":"Camping Cataratas - Caba\u00f1as en Alquiler Villa Traful","og_description":"Es un hermoso camping agreste sobre el Lago Traful y la vera Arroyo Co Lemu, a 8km de la Villa. Cu\u00e9nta con ba\u00f1os y provedur\u00eda.","og_url":"https:\/\/www.xn--cabaasentraful-tnb.com.ar\/english\/wp-json\/wp\/v2\/product\/610","og_site_name":"Caba\u00f1as en Alquiler Villa Traful","article_modified_time":"2025-09-01T01:04:54+00:00","og_image":[{"width":960,"height":541,"url":"https:\/\/www.xn--cabaasentraful-tnb.com.ar\/wp-content\/uploads\/2023\/06\/camping-cataratas.jpg","type":"image\/jpeg"}],"twitter_card":"summary_large_image","twitter_misc":{"Estimated reading time":"6 minutes"},"schema":{"@context":"https:\/\/schema.org","@graph":[{"@type":"WebPage","@id":"https:\/\/www.xn--cabaasentraful-tnb.com.ar\/producto\/campingcataratas\/","url":"https:\/\/www.xn--cabaasentraful-tnb.com.ar\/producto\/campingcataratas\/","name":"Camping Cataratas - Caba\u00f1as en Alquiler Villa Traful","isPartOf":{"@id":"https:\/\/www.xn--cabaasentraful-tnb.com.ar\/#website"},"primaryImageOfPage":{"@id":"https:\/\/www.xn--cabaasentraful-tnb.com.ar\/producto\/campingcataratas\/#primaryimage"},"image":{"@id":"https:\/\/www.xn--cabaasentraful-tnb.com.ar\/producto\/campingcataratas\/#primaryimage"},"thumbnailUrl":"https:\/\/www.xn--cabaasentraful-tnb.com.ar\/wp-content\/uploads\/2023\/06\/camping-cataratas.jpg","datePublished":"2023-06-20T23:54:15+00:00","dateModified":"2025-09-01T01:04:54+00:00","breadcrumb":{"@id":"https:\/\/www.xn--cabaasentraful-tnb.com.ar\/producto\/campingcataratas\/#breadcrumb"},"inLanguage":"en-GB","potentialAction":[{"@type":"ReadAction","target":["https:\/\/www.xn--cabaasentraful-tnb.com.ar\/producto\/campingcataratas\/"]}]},{"@type":"ImageObject","inLanguage":"en-GB","@id":"https:\/\/www.xn--cabaasentraful-tnb.com.ar\/producto\/campingcataratas\/#primaryimage","url":"https:\/\/www.xn--cabaasentraful-tnb.com.ar\/wp-content\/uploads\/2023\/06\/camping-cataratas.jpg","contentUrl":"https:\/\/www.xn--cabaasentraful-tnb.com.ar\/wp-content\/uploads\/2023\/06\/camping-cataratas.jpg","width":960,"height":541},{"@type":"BreadcrumbList","@id":"https:\/\/www.xn--cabaasentraful-tnb.com.ar\/producto\/campingcataratas\/#breadcrumb","itemListElement":[{"@type":"ListItem","position":1,"name":"Portada","item":"https:\/\/www.xn--cabaasentraful-tnb.com.ar\/"},{"@type":"ListItem","position":2,"name":"Productos","item":"https:\/\/www.xn--cabaasentraful-tnb.com.ar\/shop\/"},{"@type":"ListItem","position":3,"name":"Camping Cataratas"}]},{"@type":"WebSite","@id":"https:\/\/www.xn--cabaasentraful-tnb.com.ar\/#website","url":"https:\/\/www.xn--cabaasentraful-tnb.com.ar\/","name":"Caba\u00f1as en Alquiler Villa Traful","description":"\u00a1Bienvenido al sitio web de Villa Traful!","potentialAction":[{"@type":"SearchAction","target":{"@type":"EntryPoint","urlTemplate":"https:\/\/www.xn--cabaasentraful-tnb.com.ar\/?s={search_term_string}"},"query-input":{"@type":"PropertyValueSpecification","valueRequired":true,"valueName":"search_term_string"}}],"inLanguage":"en-GB"}]}},"_links":{"self":[{"href":"https:\/\/www.xn--cabaasentraful-tnb.com.ar\/english\/wp-json\/wp\/v2\/product\/610"}],"collection":[{"href":"https:\/\/www.xn--cabaasentraful-tnb.com.ar\/english\/wp-json\/wp\/v2\/product"}],"about":[{"href":"https:\/\/www.xn--cabaasentraful-tnb.com.ar\/english\/wp-json\/wp\/v2\/types\/product"}],"replies":[{"embeddable":true,"href":"https:\/\/www.xn--cabaasentraful-tnb.com.ar\/english\/wp-json\/wp\/v2\/comments?post=610"}],"wp:featuredmedia":[{"embeddable":true,"href":"https:\/\/www.xn--cabaasentraful-tnb.com.ar\/english\/wp-json\/wp\/v2\/media\/624"}],"wp:attachment":[{"href":"https:\/\/www.xn--cabaasentraful-tnb.com.ar\/english\/wp-json\/wp\/v2\/media?parent=610"}],"wp:term":[{"taxonomy":"product_brand","embeddable":true,"href":"https:\/\/www.xn--cabaasentraful-tnb.com.ar\/english\/wp-json\/wp\/v2\/product_brand?post=610"},{"taxonomy":"product_cat","embeddable":true,"href":"https:\/\/www.xn--cabaasentraful-tnb.com.ar\/english\/wp-json\/wp\/v2\/product_cat?post=610"},{"taxonomy":"product_tag","embeddable":true,"href":"https:\/\/www.xn--cabaasentraful-tnb.com.ar\/english\/wp-json\/wp\/v2\/product_tag?post=610"}],"curies":[{"name":"wp","href":"https:\/\/api.w.org\/{rel}","templated":true}]}}