{"id":643,"date":"2023-06-21T02:26:22","date_gmt":"2023-06-21T02:26:22","guid":{"rendered":"https:\/\/www.xn--cabaasentraful-tnb.com.ar\/?post_type=product&#038;p=643"},"modified":"2026-02-03T06:55:43","modified_gmt":"2026-02-03T06:55:43","slug":"camping-tres-marias","status":"publish","type":"product","link":"https:\/\/www.xn--cabaasentraful-tnb.com.ar\/english\/product\/camping-tres-marias\/","title":{"rendered":"Campsite Tres Mar\u00edas"},"content":{"rendered":"<p>[et_pb_section fb_built=\u00bb1&#8243; _builder_version=\u00bb4.21.0&#8243; custom_padding=\u00bb0px||||false|false\u00bb global_colors_info=\u00bb{}\u00bb][et_pb_row _builder_version=\u00bb4.16&#8243; background_size=\u00bbinitial\u00bb background_position=\u00bbtop_left\u00bb background_repeat=\u00bbrepeat\u00bb width=\u00bb100%\u00bb custom_padding=\u00bb0px||0px||false|false\u00bb global_colors_info=\u00bb{}\u00bb][et_pb_column type=\u00bb4_4&#8243; _builder_version=\u00bb4.16&#8243; custom_padding=\u00bb|||\u00bb global_colors_info=\u00bb{}\u00bb custom_padding__hover=\u00bb|||\u00bb][et_pb_wc_breadcrumb _builder_version=\u00bb4.21.0&#8243; body_font=\u00bbNunito|500|||||||\u00bb body_text_color=\u00bb#4f6bd1&#8243; body_font_size=\u00bb14px\u00bb global_colors_info=\u00bb{}\u00bb][\/et_pb_wc_breadcrumb][\/et_pb_column][\/et_pb_row][et_pb_row column_structure=\u00bb1_2,1_2&#8243; _builder_version=\u00bb4.16&#8243; background_size=\u00bbinitial\u00bb background_position=\u00bbtop_left\u00bb background_repeat=\u00bbrepeat\u00bb width=\u00bb100%\u00bb custom_padding=\u00bb0px||||false|false\u00bb global_colors_info=\u00bb{}\u00bb][et_pb_column type=\u00bb1_2&#8243; _builder_version=\u00bb4.16&#8243; custom_padding=\u00bb|||\u00bb global_colors_info=\u00bb{}\u00bb custom_padding__hover=\u00bb|||\u00bb][et_pb_wc_images sale_badge_color=\u00bb#4bd095&#8243; _builder_version=\u00bb4.21.0&#8243; sale_badge_font=\u00bb|600||on|||||\u00bb border_radii=\u00bbon|7px|7px|7px|7px\u00bb global_colors_info=\u00bb{}\u00bb][\/et_pb_wc_images][et_pb_button button_url=\u00bbhttps:\/\/wa.me\/542944518340&#8243; url_new_window=\u00bbon\u00bb button_text=\u00bbIr a Whatsapp\u00bb _builder_version=\u00bb4.21.0&#8243; _module_preset=\u00bbdefault\u00bb custom_button=\u00bbon\u00bb button_text_size=\u00bb22px\u00bb button_text_color=\u00bb#FFFFFF\u00bb button_bg_color=\u00bb#4bd095&#8243; button_border_color=\u00bb#00d173&#8243; button_border_radius=\u00bb5px\u00bb button_font=\u00bbNunito||||||||\u00bb button_icon=\u00bb&#xf3cd;||fa||900&#8243; custom_margin=\u00bb|||9px||\u00bb button_text_size_tablet=\u00bb22px\u00bb button_text_size_phone=\u00bb16px\u00bb button_text_size_last_edited=\u00bbon|phone\u00bb box_shadow_style=\u00bbpreset1&#8243; global_colors_info=\u00bb{}\u00bb button_bg_color__hover_enabled=\u00bbon|desktop\u00bb button_bg_color__hover=\u00bb#76e072&#8243; button_bg_enable_color__hover=\u00bbon\u00bb][\/et_pb_button][\/et_pb_column][et_pb_column type=\u00bb1_2&#8243; _builder_version=\u00bb4.16&#8243; custom_padding=\u00bb|||\u00bb global_colors_info=\u00bb{}\u00bb custom_padding__hover=\u00bb|||\u00bb][et_pb_wc_title _builder_version=\u00bb4.21.0&#8243; header_font=\u00bbNunito|700|||||||\u00bb global_colors_info=\u00bb{}\u00bb][\/et_pb_wc_title][et_pb_wc_rating _builder_version=\u00bb4.21.0&#8243; global_colors_info=\u00bb{}\u00bb][\/et_pb_wc_rating][et_pb_wc_price _builder_version=\u00bb4.16&#8243; global_colors_info=\u00bb{}\u00bb][\/et_pb_wc_price][et_pb_wc_description _builder_version=\u00bb4.21.0&#8243; body_font=\u00bbNunito||||||||\u00bb body_font_size=\u00bb15px\u00bb global_colors_info=\u00bb{}\u00bb][\/et_pb_wc_description][et_pb_text _builder_version=\u00bb4.21.0&#8243; _module_preset=\u00bbdefault\u00bb text_font=\u00bbNunito||||||||\u00bb global_colors_info=\u00bb{}\u00bb]<\/p>\n<p><em>(Consultar Valor)<\/em><\/p>\n<p>[\/et_pb_text][et_pb_wc_add_to_cart show_quantity=\u00bboff\u00bb _builder_version=\u00bb4.21.0&#8243; custom_button=\u00bbon\u00bb button_text_color=\u00bb#FFFFFF\u00bb button_bg_color=\u00bb#4bd095&#8243; global_colors_info=\u00bb{}\u00bb][\/et_pb_wc_add_to_cart][et_pb_wc_meta _builder_version=\u00bb4.21.0&#8243; body_font=\u00bbNunito||||||||\u00bb body_font_size=\u00bb15px\u00bb global_colors_info=\u00bb{}\u00bb][\/et_pb_wc_meta][et_pb_wc_meta _builder_version=\u00bb4.21.0&#8243; body_font=\u00bbNunito||||||||\u00bb body_font_size=\u00bb15px\u00bb global_colors_info=\u00bb{}\u00bb][\/et_pb_wc_meta][et_pb_text _builder_version=\u00bb4.21.0&#8243; _module_preset=\u00bbdefault\u00bb text_font=\u00bb|600|||||||\u00bb text_text_color=\u00bb#598ceb\u00bb custom_margin=\u00bb-20px|||-10px|false|false\u00bb custom_padding=\u00bb9px||17px|14px|false|false\u00bb border_radii=\u00bbon|13px|13px|13px|13px\u00bb border_width_all=\u00bb1px\u00bb border_color_all=\u00bbrgba(89,140,235,0.96)\u00bb border_style_all=\u00bbdotted\u00bb global_colors_info=\u00bb{}\u00bb]<\/p>\n<p>LUZ:\u00a0 <span style=\"color: #333333;\">No<\/span><br \/>GAS: <span style=\"color: #333333;\">No<\/span><br \/>WIFI: <span style=\"color: #333333;\">No<\/span><br \/>DIRECTV: <span style=\"color: #333333;\">No<\/span><br \/>ACEPTA MASCOTAS: <span style=\"color: #333333;\">Consultar<\/span><br \/>ROPA\u00a0 DE CAMA: <span style=\"color: #333333;\">No<\/span><\/p>\n<p>[\/et_pb_text][\/et_pb_column][\/et_pb_row][et_pb_row column_structure=\u00bb1_4,1_4,1_4,1_4&#8243; _builder_version=\u00bb4.21.0&#8243; _module_preset=\u00bbdefault\u00bb custom_margin=\u00bb-16px||15px||false|false\u00bb custom_margin_tablet=\u00bb-16px||15px||false|false\u00bb custom_margin_phone=\u00bb-70px||-8px|0px|false|false\u00bb custom_margin_last_edited=\u00bbon|phone\u00bb custom_padding=\u00bb25px|||0px||\u00bb global_colors_info=\u00bb{}\u00bb][et_pb_column type=\u00bb1_4&#8243; _builder_version=\u00bb4.21.0&#8243; _module_preset=\u00bbdefault\u00bb global_colors_info=\u00bb{}\u00bb][et_pb_button button_url=\u00bbhttps:\/\/camping3marias.negocio.site\/\u00bb url_new_window=\u00bbon\u00bb button_text=\u00bbwww\u00bb _builder_version=\u00bb4.21.0&#8243; _module_preset=\u00bbdefault\u00bb custom_button=\u00bbon\u00bb button_text_size=\u00bb18px\u00bb button_text_color=\u00bb#FFFFFF\u00bb button_bg_color=\u00bb#765dde\u00bb button_border_width=\u00bb1px\u00bb button_border_radius=\u00bb74px\u00bb button_font=\u00bbNunito||||||||\u00bb button_icon=\u00bb&#xe0e3;||divi||400&#8243; button_on_hover=\u00bboff\u00bb custom_margin=\u00bb|||-6px||\u00bb global_colors_info=\u00bb{}\u00bb button_bg_color__hover_enabled=\u00bbon|desktop\u00bb button_bg_color__hover=\u00bb#33275e\u00bb button_bg_enable_color__hover=\u00bbon\u00bb][\/et_pb_button][\/et_pb_column][et_pb_column type=\u00bb1_4&#8243; _builder_version=\u00bb4.21.0&#8243; _module_preset=\u00bbdefault\u00bb global_colors_info=\u00bb{}\u00bb][et_pb_button button_url=\u00bb#mapa\u00bb button_text=\u00bbmapa\u00bb _builder_version=\u00bb4.21.0&#8243; _module_preset=\u00bbdefault\u00bb custom_button=\u00bbon\u00bb button_text_size=\u00bb18px\u00bb button_text_color=\u00bb#FFFFFF\u00bb button_bg_color=\u00bb#765dde\u00bb button_border_width=\u00bb1px\u00bb button_border_radius=\u00bb74px\u00bb button_font=\u00bbNunito||||||||\u00bb button_icon=\u00bb&#xe01d;||divi||400&#8243; button_on_hover=\u00bboff\u00bb custom_margin=\u00bb|||-6px||\u00bb global_colors_info=\u00bb{}\u00bb button_bg_color__hover_enabled=\u00bbon|desktop\u00bb button_bg_color__hover=\u00bb#33275e\u00bb button_bg_enable_color__hover=\u00bbon\u00bb][\/et_pb_button][\/et_pb_column][et_pb_column type=\u00bb1_4&#8243; _builder_version=\u00bb4.21.0&#8243; _module_preset=\u00bbdefault\u00bb global_colors_info=\u00bb{}\u00bb][et_pb_button button_url=\u00bbhttps:\/\/www.facebook.com\/p\/Camping3marias-100057154853838\/\u00bb url_new_window=\u00bbon\u00bb button_text=\u00bbinstagram\u00bb _builder_version=\u00bb4.21.0&#8243; _module_preset=\u00bbdefault\u00bb custom_button=\u00bbon\u00bb button_text_size=\u00bb18px\u00bb button_text_color=\u00bb#FFFFFF\u00bb button_bg_color=\u00bb#765dde\u00bb button_border_width=\u00bb1px\u00bb button_border_radius=\u00bb74px\u00bb button_font=\u00bbNunito||||||||\u00bb button_icon=\u00bb&#xe09a;||divi||400&#8243; button_on_hover=\u00bboff\u00bb custom_margin=\u00bb|||-6px||\u00bb global_colors_info=\u00bb{}\u00bb button_bg_color__hover_enabled=\u00bbon|desktop\u00bb button_bg_color__hover=\u00bb#33275e\u00bb button_bg_enable_color__hover=\u00bbon\u00bb][\/et_pb_button][\/et_pb_column][et_pb_column type=\u00bb1_4&#8243; _builder_version=\u00bb4.21.0&#8243; _module_preset=\u00bbdefault\u00bb global_colors_info=\u00bb{}\u00bb][et_pb_button button_url=\u00bbhttp:\/\/+54%20294%20451-8340&#8243; url_new_window=\u00bbon\u00bb button_text=\u00bbtel\u00e9fono\u00bb _builder_version=\u00bb4.21.0&#8243; _module_preset=\u00bbdefault\u00bb custom_button=\u00bbon\u00bb button_text_size=\u00bb18px\u00bb button_text_color=\u00bb#FFFFFF\u00bb button_bg_color=\u00bb#765dde\u00bb button_border_width=\u00bb1px\u00bb button_border_radius=\u00bb74px\u00bb button_font=\u00bbNunito||||||||\u00bb button_icon=\u00bb&#xf879;||fa||900&#8243; button_on_hover=\u00bboff\u00bb custom_margin=\u00bb|||-6px||\u00bb global_colors_info=\u00bb{}\u00bb button_bg_color__hover_enabled=\u00bbon|desktop\u00bb button_bg_color__hover=\u00bb#33275e\u00bb button_bg_enable_color__hover=\u00bbon\u00bb][\/et_pb_button][\/et_pb_column][\/et_pb_row][et_pb_row use_custom_gutter=\u00bbon\u00bb gutter_width=\u00bb1&#8243; _builder_version=\u00bb4.21.0&#8243; _module_preset=\u00bbdefault\u00bb custom_margin=\u00bb|||19px|false|false\u00bb custom_padding=\u00bb4px|||||\u00bb global_colors_info=\u00bb{}\u00bb transform_translate__hover_enabled=\u00bbon|desktop\u00bb transform_rotate__hover_enabled=\u00bbon|desktop\u00bb transform_skew__hover_enabled=\u00bbon|desktop\u00bb transform_origin__hover_enabled=\u00bbon|desktop\u00bb][et_pb_column type=\u00bb4_4&#8243; _builder_version=\u00bb4.21.0&#8243; _module_preset=\u00bbdefault\u00bb global_colors_info=\u00bb{}\u00bb][et_pb_gallery gallery_ids=\u00bb650,648,647,646,645,644&#8243; show_title_and_caption=\u00bboff\u00bb show_pagination=\u00bboff\u00bb zoom_icon_color=\u00bb#4bd095&#8243; hover_overlay_color=\u00bbrgba(135,209,176,0.25)\u00bb hover_icon=\u00bb&#x54;||divi||400&#8243; _builder_version=\u00bb4.21.0&#8243; _module_preset=\u00bbdefault\u00bb width=\u00bb116%\u00bb module_alignment=\u00bbcenter\u00bb border_radii=\u00bbon|12px|12px|12px|12px\u00bb border_radii_image=\u00bbon|4px|4px|4px|4px\u00bb border_width_all_image=\u00bb3px\u00bb border_color_all_image=\u00bb#FFFFFF\u00bb global_colors_info=\u00bb{}\u00bb transform_styles__hover_enabled=\u00bbon|hover\u00bb transform_scale__hover_enabled=\u00bbon|hover\u00bb transform_translate__hover_enabled=\u00bbon|desktop\u00bb transform_rotate__hover_enabled=\u00bbon|desktop\u00bb transform_skew__hover_enabled=\u00bbon|desktop\u00bb transform_origin__hover_enabled=\u00bbon|desktop\u00bb][\/et_pb_gallery][\/et_pb_column][\/et_pb_row][et_pb_row _builder_version=\u00bb4.16&#8243; background_size=\u00bbinitial\u00bb background_position=\u00bbtop_left\u00bb background_repeat=\u00bbrepeat\u00bb width=\u00bb100%\u00bb global_colors_info=\u00bb{}\u00bb][et_pb_column type=\u00bb4_4&#8243; _builder_version=\u00bb4.16&#8243; custom_padding=\u00bb|||\u00bb global_colors_info=\u00bb{}\u00bb custom_padding__hover=\u00bb|||\u00bb][et_pb_wc_tabs _builder_version=\u00bb4.21.0&#8243; border_radii=\u00bbon|7px|7px|7px|7px\u00bb global_colors_info=\u00bb{}\u00bb]\t\t\t\t\t[\/et_pb_wc_tabs][et_pb_wc_upsells _builder_version=\u00bb4.16&#8243; global_colors_info=\u00bb{}\u00bb][\/et_pb_wc_upsells][et_pb_wc_related_products show_price=\u00bboff\u00bb show_sale_badge=\u00bboff\u00bb _builder_version=\u00bb4.21.0&#8243; title_font=\u00bbNunito||||||||\u00bb title_font_size=\u00bb25px\u00bb product_title_font=\u00bbNunito||||||||\u00bb product_title_font_size=\u00bb22px\u00bb global_colors_info=\u00bb{}\u00bb][\/et_pb_wc_related_products][\/et_pb_column][\/et_pb_row][\/et_pb_section][et_pb_section fb_built=\u00bb1&#8243; _builder_version=\u00bb4.21.0&#8243; _module_preset=\u00bbdefault\u00bb custom_margin=\u00bb-133px|||||\u00bb global_colors_info=\u00bb{}\u00bb][et_pb_row admin_label=\u00bbmapa\u00bb module_id=\u00bbmapa\u00bb _builder_version=\u00bb4.21.0&#8243; _module_preset=\u00bbdefault\u00bb global_colors_info=\u00bb{}\u00bb][et_pb_column type=\u00bb4_4&#8243; _builder_version=\u00bb4.21.0&#8243; _module_preset=\u00bbdefault\u00bb global_colors_info=\u00bb{}\u00bb][et_pb_code module_id=\u00bbmapa\u00bb _builder_version=\u00bb4.21.0&#8243; _module_preset=\u00bbdefault\u00bb text_orientation=\u00bbcenter\u00bb global_colors_info=\u00bb{}\u00bb]<iframe src=\"https:\/\/www.google.com\/maps\/embed?pb=!1m14!1m8!1m3!1d12109.383430486725!2d-71.4433438!3d-40.6443059!3m2!1i1024!2i768!4f13.1!3m3!1m2!1s0x9610edd2103e22a3%3A0x95805c53f7f671f7!2scamping3marias%20Agreste!5e0!3m2!1ses!2sar!4v1687314333113!5m2!1ses!2sar\" width=\"600\" height=\"450\" style=\"border:0;\" allowfullscreen=\"\" loading=\"lazy\" referrerpolicy=\"no-referrer-when-downgrade\"><\/iframe>[\/et_pb_code][\/et_pb_column][\/et_pb_row][\/et_pb_section]<\/p>\n","protected":false},"excerpt":{"rendered":"<p>Beautiful wild camping on the shores of Lake Traful. It is located 4 km from the center of the town, approximately at km 40. <\/p>","protected":false},"featured_media":649,"comment_status":"open","ping_status":"closed","template":"","meta":{"_acf_changed":false,"_et_pb_use_builder":"on","_et_pb_old_content":"Rodeado de bosque y cercano al arroyo Tres Mar\u00edas, enamora con la excelente vista a la noche estrellada. Cuenta con amplios ba\u00f1os, duchas y fog\u00f3n. No cuenta con electricidad ni WI-FI.\r\nSus clientes destacan la producci\u00f3n de pan casero, tortas fritas y dulces regionales, as\u00ed como tambi\u00e9n la limpieza y amabilidad de sus due\u00f1os.","_et_gb_content_width":""},"product_brand":[],"product_cat":[22],"product_tag":[],"class_list":{"0":"post-643","1":"product","2":"type-product","3":"status-publish","4":"has-post-thumbnail","6":"product_cat-campings","8":"first","9":"instock","10":"shipping-taxable","11":"product-type-simple"},"acf":[],"yoast_head":"<!-- This site is optimized with the Yoast SEO plugin v24.7 - https:\/\/yoast.com\/wordpress\/plugins\/seo\/ -->\n<title>Camping Tres Mar\u00edas - Caba\u00f1as en Alquiler Villa Traful<\/title>\n<meta name=\"robots\" content=\"index, follow, max-snippet:-1, max-image-preview:large, max-video-preview:-1\" \/>\n<link rel=\"canonical\" href=\"https:\/\/www.xn--cabaasentraful-tnb.com.ar\/english\/product\/camping-tres-marias\/\" \/>\n<meta property=\"og:locale\" content=\"en_GB\" \/>\n<meta property=\"og:type\" content=\"article\" \/>\n<meta property=\"og:title\" content=\"Camping Tres Mar\u00edas - Caba\u00f1as en Alquiler Villa Traful\" \/>\n<meta property=\"og:description\" content=\"Hermoso camping agreste a orillas del lago Traful. Se encuentra a 4 km del centro de la villa, aproximadamente a la altura del km 40.\" \/>\n<meta property=\"og:url\" content=\"https:\/\/www.xn--cabaasentraful-tnb.com.ar\/english\/wp-json\/wp\/v2\/product\/643\" \/>\n<meta property=\"og:site_name\" content=\"Caba\u00f1as en Alquiler Villa Traful\" \/>\n<meta property=\"article:modified_time\" content=\"2026-02-03T06:55:43+00:00\" \/>\n<meta property=\"og:image\" content=\"https:\/\/www.xn--cabaasentraful-tnb.com.ar\/wp-content\/uploads\/2023\/06\/tres-marias6.jpg\" \/>\n\t<meta property=\"og:image:width\" content=\"1599\" \/>\n\t<meta property=\"og:image:height\" content=\"1066\" \/>\n\t<meta property=\"og:image:type\" content=\"image\/jpeg\" \/>\n<meta name=\"twitter:card\" content=\"summary_large_image\" \/>\n<meta name=\"twitter:label1\" content=\"Estimated reading time\" \/>\n\t<meta name=\"twitter:data1\" content=\"6 minutes\" \/>\n<script type=\"application\/ld+json\" class=\"yoast-schema-graph\">{\"@context\":\"https:\/\/schema.org\",\"@graph\":[{\"@type\":\"WebPage\",\"@id\":\"https:\/\/www.xn--cabaasentraful-tnb.com.ar\/producto\/camping-tres-marias\/\",\"url\":\"https:\/\/www.xn--cabaasentraful-tnb.com.ar\/producto\/camping-tres-marias\/\",\"name\":\"Camping Tres Mar\u00edas - Caba\u00f1as en Alquiler Villa Traful\",\"isPartOf\":{\"@id\":\"https:\/\/www.xn--cabaasentraful-tnb.com.ar\/#website\"},\"primaryImageOfPage\":{\"@id\":\"https:\/\/www.xn--cabaasentraful-tnb.com.ar\/producto\/camping-tres-marias\/#primaryimage\"},\"image\":{\"@id\":\"https:\/\/www.xn--cabaasentraful-tnb.com.ar\/producto\/camping-tres-marias\/#primaryimage\"},\"thumbnailUrl\":\"https:\/\/www.xn--cabaasentraful-tnb.com.ar\/wp-content\/uploads\/2023\/06\/tres-marias6.jpg\",\"datePublished\":\"2023-06-21T02:26:22+00:00\",\"dateModified\":\"2026-02-03T06:55:43+00:00\",\"breadcrumb\":{\"@id\":\"https:\/\/www.xn--cabaasentraful-tnb.com.ar\/producto\/camping-tres-marias\/#breadcrumb\"},\"inLanguage\":\"en-GB\",\"potentialAction\":[{\"@type\":\"ReadAction\",\"target\":[\"https:\/\/www.xn--cabaasentraful-tnb.com.ar\/producto\/camping-tres-marias\/\"]}]},{\"@type\":\"ImageObject\",\"inLanguage\":\"en-GB\",\"@id\":\"https:\/\/www.xn--cabaasentraful-tnb.com.ar\/producto\/camping-tres-marias\/#primaryimage\",\"url\":\"https:\/\/www.xn--cabaasentraful-tnb.com.ar\/wp-content\/uploads\/2023\/06\/tres-marias6.jpg\",\"contentUrl\":\"https:\/\/www.xn--cabaasentraful-tnb.com.ar\/wp-content\/uploads\/2023\/06\/tres-marias6.jpg\",\"width\":1599,\"height\":1066},{\"@type\":\"BreadcrumbList\",\"@id\":\"https:\/\/www.xn--cabaasentraful-tnb.com.ar\/producto\/camping-tres-marias\/#breadcrumb\",\"itemListElement\":[{\"@type\":\"ListItem\",\"position\":1,\"name\":\"Portada\",\"item\":\"https:\/\/www.xn--cabaasentraful-tnb.com.ar\/\"},{\"@type\":\"ListItem\",\"position\":2,\"name\":\"Productos\",\"item\":\"https:\/\/www.xn--cabaasentraful-tnb.com.ar\/shop\/\"},{\"@type\":\"ListItem\",\"position\":3,\"name\":\"Camping Tres Mar\u00edas\"}]},{\"@type\":\"WebSite\",\"@id\":\"https:\/\/www.xn--cabaasentraful-tnb.com.ar\/#website\",\"url\":\"https:\/\/www.xn--cabaasentraful-tnb.com.ar\/\",\"name\":\"Caba\u00f1as en Alquiler Villa Traful\",\"description\":\"\u00a1Bienvenido al sitio web de Villa Traful!\",\"potentialAction\":[{\"@type\":\"SearchAction\",\"target\":{\"@type\":\"EntryPoint\",\"urlTemplate\":\"https:\/\/www.xn--cabaasentraful-tnb.com.ar\/?s={search_term_string}\"},\"query-input\":{\"@type\":\"PropertyValueSpecification\",\"valueRequired\":true,\"valueName\":\"search_term_string\"}}],\"inLanguage\":\"en-GB\"}]}<\/script>\n<!-- \/ Yoast SEO plugin. -->","yoast_head_json":{"title":"Camping Tres Mar\u00edas - Caba\u00f1as en Alquiler Villa Traful","robots":{"index":"index","follow":"follow","max-snippet":"max-snippet:-1","max-image-preview":"max-image-preview:large","max-video-preview":"max-video-preview:-1"},"canonical":"https:\/\/www.xn--cabaasentraful-tnb.com.ar\/english\/product\/camping-tres-marias\/","og_locale":"en_GB","og_type":"article","og_title":"Camping Tres Mar\u00edas - Caba\u00f1as en Alquiler Villa Traful","og_description":"Hermoso camping agreste a orillas del lago Traful. Se encuentra a 4 km del centro de la villa, aproximadamente a la altura del km 40.","og_url":"https:\/\/www.xn--cabaasentraful-tnb.com.ar\/english\/wp-json\/wp\/v2\/product\/643","og_site_name":"Caba\u00f1as en Alquiler Villa Traful","article_modified_time":"2026-02-03T06:55:43+00:00","og_image":[{"width":1599,"height":1066,"url":"https:\/\/www.xn--cabaasentraful-tnb.com.ar\/wp-content\/uploads\/2023\/06\/tres-marias6.jpg","type":"image\/jpeg"}],"twitter_card":"summary_large_image","twitter_misc":{"Estimated reading time":"6 minutes"},"schema":{"@context":"https:\/\/schema.org","@graph":[{"@type":"WebPage","@id":"https:\/\/www.xn--cabaasentraful-tnb.com.ar\/producto\/camping-tres-marias\/","url":"https:\/\/www.xn--cabaasentraful-tnb.com.ar\/producto\/camping-tres-marias\/","name":"Camping Tres Mar\u00edas - Caba\u00f1as en Alquiler Villa Traful","isPartOf":{"@id":"https:\/\/www.xn--cabaasentraful-tnb.com.ar\/#website"},"primaryImageOfPage":{"@id":"https:\/\/www.xn--cabaasentraful-tnb.com.ar\/producto\/camping-tres-marias\/#primaryimage"},"image":{"@id":"https:\/\/www.xn--cabaasentraful-tnb.com.ar\/producto\/camping-tres-marias\/#primaryimage"},"thumbnailUrl":"https:\/\/www.xn--cabaasentraful-tnb.com.ar\/wp-content\/uploads\/2023\/06\/tres-marias6.jpg","datePublished":"2023-06-21T02:26:22+00:00","dateModified":"2026-02-03T06:55:43+00:00","breadcrumb":{"@id":"https:\/\/www.xn--cabaasentraful-tnb.com.ar\/producto\/camping-tres-marias\/#breadcrumb"},"inLanguage":"en-GB","potentialAction":[{"@type":"ReadAction","target":["https:\/\/www.xn--cabaasentraful-tnb.com.ar\/producto\/camping-tres-marias\/"]}]},{"@type":"ImageObject","inLanguage":"en-GB","@id":"https:\/\/www.xn--cabaasentraful-tnb.com.ar\/producto\/camping-tres-marias\/#primaryimage","url":"https:\/\/www.xn--cabaasentraful-tnb.com.ar\/wp-content\/uploads\/2023\/06\/tres-marias6.jpg","contentUrl":"https:\/\/www.xn--cabaasentraful-tnb.com.ar\/wp-content\/uploads\/2023\/06\/tres-marias6.jpg","width":1599,"height":1066},{"@type":"BreadcrumbList","@id":"https:\/\/www.xn--cabaasentraful-tnb.com.ar\/producto\/camping-tres-marias\/#breadcrumb","itemListElement":[{"@type":"ListItem","position":1,"name":"Portada","item":"https:\/\/www.xn--cabaasentraful-tnb.com.ar\/"},{"@type":"ListItem","position":2,"name":"Productos","item":"https:\/\/www.xn--cabaasentraful-tnb.com.ar\/shop\/"},{"@type":"ListItem","position":3,"name":"Camping Tres Mar\u00edas"}]},{"@type":"WebSite","@id":"https:\/\/www.xn--cabaasentraful-tnb.com.ar\/#website","url":"https:\/\/www.xn--cabaasentraful-tnb.com.ar\/","name":"Caba\u00f1as en Alquiler Villa Traful","description":"\u00a1Bienvenido al sitio web de Villa Traful!","potentialAction":[{"@type":"SearchAction","target":{"@type":"EntryPoint","urlTemplate":"https:\/\/www.xn--cabaasentraful-tnb.com.ar\/?s={search_term_string}"},"query-input":{"@type":"PropertyValueSpecification","valueRequired":true,"valueName":"search_term_string"}}],"inLanguage":"en-GB"}]}},"_links":{"self":[{"href":"https:\/\/www.xn--cabaasentraful-tnb.com.ar\/english\/wp-json\/wp\/v2\/product\/643"}],"collection":[{"href":"https:\/\/www.xn--cabaasentraful-tnb.com.ar\/english\/wp-json\/wp\/v2\/product"}],"about":[{"href":"https:\/\/www.xn--cabaasentraful-tnb.com.ar\/english\/wp-json\/wp\/v2\/types\/product"}],"replies":[{"embeddable":true,"href":"https:\/\/www.xn--cabaasentraful-tnb.com.ar\/english\/wp-json\/wp\/v2\/comments?post=643"}],"wp:featuredmedia":[{"embeddable":true,"href":"https:\/\/www.xn--cabaasentraful-tnb.com.ar\/english\/wp-json\/wp\/v2\/media\/649"}],"wp:attachment":[{"href":"https:\/\/www.xn--cabaasentraful-tnb.com.ar\/english\/wp-json\/wp\/v2\/media?parent=643"}],"wp:term":[{"taxonomy":"product_brand","embeddable":true,"href":"https:\/\/www.xn--cabaasentraful-tnb.com.ar\/english\/wp-json\/wp\/v2\/product_brand?post=643"},{"taxonomy":"product_cat","embeddable":true,"href":"https:\/\/www.xn--cabaasentraful-tnb.com.ar\/english\/wp-json\/wp\/v2\/product_cat?post=643"},{"taxonomy":"product_tag","embeddable":true,"href":"https:\/\/www.xn--cabaasentraful-tnb.com.ar\/english\/wp-json\/wp\/v2\/product_tag?post=643"}],"curies":[{"name":"wp","href":"https:\/\/api.w.org\/{rel}","templated":true}]}}